{"id":107,"date":"2024-07-28T18:28:17","date_gmt":"2024-07-28T18:28:17","guid":{"rendered":"https:\/\/lilasbelanger.com\/?page_id=107"},"modified":"2026-02-02T12:49:58","modified_gmt":"2026-02-02T12:49:58","slug":"demarche","status":"publish","type":"page","link":"http:\/\/lilasbelanger.com\/?page_id=107","title":{"rendered":"D\u00e9marche\/Approach"},"content":{"rendered":"\t\t<div data-elementor-type=\"wp-page\" data-elementor-id=\"107\" class=\"elementor elementor-107\">\n\t\t\t\t<div class=\"elementor-element elementor-element-19c921a e-flex e-con-boxed e-con e-parent\" data-id=\"19c921a\" data-element_type=\"container\">\n\t\t\t\t\t<div class=\"e-con-inner\">\n\t\t<div class=\"elementor-element elementor-element-c0729f3 e-con-full e-flex e-con e-child\" data-id=\"c0729f3\" data-element_type=\"container\">\n\t\t\t\t<div class=\"elementor-element elementor-element-997448a elementor-widget elementor-widget-image\" data-id=\"997448a\" data-element_type=\"widget\" data-widget_type=\"image.default\">\n\t\t\t\t<div class=\"elementor-widget-container\">\n\t\t\t<style>\/*! elementor - v3.22.0 - 26-06-2024 *\/\n.elementor-widget-image{text-align:center}.elementor-widget-image a{display:inline-block}.elementor-widget-image a img[src$=\".svg\"]{width:48px}.elementor-widget-image img{vertical-align:middle;display:inline-block}<\/style>\t\t\t\t\t\t\t<figure class=\"wp-caption\">\n\t\t\t\t\t\t\t\t\t\t\t<a href=\"http:\/\/lilasbelanger.com\/wp-content\/uploads\/2024\/08\/Lilasatelier-scaled.jpg\" data-elementor-open-lightbox=\"yes\" data-elementor-lightbox-title=\"Lilasatelier\" data-e-action-hash=\"#elementor-action%3Aaction%3Dlightbox%26settings%3DeyJpZCI6MjE3LCJ1cmwiOiJodHRwOlwvXC9saWxhc2JlbGFuZ2VyLmNvbVwvd3AtY29udGVudFwvdXBsb2Fkc1wvMjAyNFwvMDhcL0xpbGFzYXRlbGllci1zY2FsZWQuanBnIn0%3D\">\n\t\t\t\t\t\t\t<img fetchpriority=\"high\" decoding=\"async\" width=\"637\" height=\"1024\" src=\"http:\/\/lilasbelanger.com\/wp-content\/uploads\/2024\/08\/Lilasatelier-637x1024.jpg\" class=\"attachment-large size-large wp-image-217\" alt=\"\" srcset=\"http:\/\/lilasbelanger.com\/wp-content\/uploads\/2024\/08\/Lilasatelier-637x1024.jpg 637w, http:\/\/lilasbelanger.com\/wp-content\/uploads\/2024\/08\/Lilasatelier-187x300.jpg 187w, http:\/\/lilasbelanger.com\/wp-content\/uploads\/2024\/08\/Lilasatelier-768x1235.jpg 768w, http:\/\/lilasbelanger.com\/wp-content\/uploads\/2024\/08\/Lilasatelier-955x1536.jpg 955w, http:\/\/lilasbelanger.com\/wp-content\/uploads\/2024\/08\/Lilasatelier-1274x2048.jpg 1274w, http:\/\/lilasbelanger.com\/wp-content\/uploads\/2024\/08\/Lilasatelier-scaled.jpg 1592w\" sizes=\"(max-width: 637px) 100vw, 637px\" \/>\t\t\t\t\t\t\t\t<\/a>\n\t\t\t\t\t\t\t\t\t\t\t<figcaption class=\"widget-image-caption wp-caption-text\">Cr\u00e9dits photo: J\u00e9r\u00f4me Bertrand<\/figcaption>\n\t\t\t\t\t\t\t\t\t\t<\/figure>\n\t\t\t\t\t\t\t<\/div>\n\t\t\t\t<\/div>\n\t\t\t\t<\/div>\n\t\t<div class=\"elementor-element elementor-element-b8bcfac e-con-full e-flex e-con e-child\" data-id=\"b8bcfac\" data-element_type=\"container\">\n\t\t\t\t<div class=\"elementor-element elementor-element-963931d elementor-widget elementor-widget-text-editor\" data-id=\"963931d\" data-element_type=\"widget\" data-widget_type=\"text-editor.default\">\n\t\t\t\t<div class=\"elementor-widget-container\">\n\t\t\t<style>\/*! elementor - v3.22.0 - 26-06-2024 *\/\n.elementor-widget-text-editor.elementor-drop-cap-view-stacked .elementor-drop-cap{background-color:#69727d;color:#fff}.elementor-widget-text-editor.elementor-drop-cap-view-framed .elementor-drop-cap{color:#69727d;border:3px solid;background-color:transparent}.elementor-widget-text-editor:not(.elementor-drop-cap-view-default) .elementor-drop-cap{margin-top:8px}.elementor-widget-text-editor:not(.elementor-drop-cap-view-default) .elementor-drop-cap-letter{width:1em;height:1em}.elementor-widget-text-editor .elementor-drop-cap{float:left;text-align:center;line-height:1;font-size:50px}.elementor-widget-text-editor .elementor-drop-cap-letter{display:inline-block}<\/style>\t\t\t\t<p class=\"p1\"><strong><em>S&rsquo;) Habiter: pr\u00e9sence et passage<\/em><\/strong><\/p><p>\u00a0<\/p><p class=\"p1\">Dans ma d\u00e9marche artistique je tente de cerner la notion d<i>\u2019habiter\u00a0<\/i>l\u00e0 o\u00f9 on ne l\u2019attend pas n\u00e9cessairement. Ne l\u2019ayant jamais trouv\u00e9e dans l\u2019habituelle po\u00e9tique verticale de la maison ou dans la fixit\u00e9, par exemple, je la<span class=\"Apple-converted-space\">\u00a0\u00a0<\/span>cherche dans le mouvement, la surprise, la fuite, dans les restes: de m\u00e9moire, de connaissance, de gestes, d\u2019objets. J\u2019accorde une attention particuli\u00e8re aux moments qui provoquent ou actualisent une sensation de r\u00e9confort, car pour moi, (s\u2019)habiter, outre occuper son corps ou un lieu physique, \u00e7a commence avec \u00e7a: \u00eatre r\u00e9confort\u00e9.e, vaincre ses peurs, transformer ses angoisses.<\/p><p class=\"p3\">C\u2019est dans cette optique que je transpose dans mes \u0153uvres l\u2019effet laiss\u00e9 par des lieux lors de d\u00e9ambulations,<span class=\"Apple-converted-space\">\u00a0\u00a0<\/span>principalement en for\u00eat.<span class=\"Apple-converted-space\">\u00a0\u00a0<\/span>Je cherche \u00e0 garder avec moi des repr\u00e9sentations de ces instants o\u00f9 je me suis sentie en phase avec le monde, \u00e0 la fois dans mes souvenirs, pr\u00e9sente \u00e0 l\u2019environnement imm\u00e9diat, et ouverte aux \u00ab\u00a0\u00e9v\u00e9nements\u00a0\u00bb\u00a0: rencontre, r\u00e9miniscence, sentiment de beaut\u00e9 ou de familiarit\u00e9.<\/p><p class=\"p3\">Mes \u0153uvres fonctionnent selon ce m\u00eame mode op\u00e9ratoire. Les yeux d\u00e9ambulent sur la surface \u00e0 l\u2019affut de l\u2019\u00e9v\u00e9nement, provoqu\u00e9 par toutes ces rencontres entre mat\u00e9riaux et styles divers, cette hybridation entre les espaces int\u00e9rieurs et ext\u00e9rieurs, domestiqu\u00e9s et sauvages.<\/p><p class=\"p3\">Devant mes installations, les gens reconnaissent des endroits qu\u2019ils fr\u00e9quentent, s\u2019identifient \u00e0 des repr\u00e9sentations.<span class=\"Apple-converted-space\">\u00a0\u00a0<\/span>\u00c0 partir de l\u00e0, nous sommes \u00e0 m\u00eame de partager ces petits fragments identitaires \u00e0 la fois personnels et communs et \u00e9tablir un nouveau laps de temps habit\u00e9<span class=\"s1\">.<\/span><\/p><p class=\"p3\">\u00a0<\/p>\t\t\t\t\t\t<\/div>\n\t\t\t\t<\/div>\n\t\t\t\t<\/div>\n\t\t<div class=\"elementor-element elementor-element-90dac5d e-con-full e-flex e-con e-child\" data-id=\"90dac5d\" data-element_type=\"container\">\n\t\t\t\t<div class=\"elementor-element elementor-element-4c7c383 elementor-widget__width-auto elementor-widget elementor-widget-text-editor\" data-id=\"4c7c383\" data-element_type=\"widget\" data-widget_type=\"text-editor.default\">\n\t\t\t\t<div class=\"elementor-widget-container\">\n\t\t\t\t\t\t\t<p class=\"p1\"><strong><i>\u00a0<\/i><\/strong><\/p><p class=\"p1\"><strong><i>(In)habiting, presence and passage<\/i><\/strong><\/p><p>\u00a0<\/p><p class=\"p1\">In my artistic approach, I attempt to grasp the notion of inhabiting where it is not necessarily expected. Never having found it in the usual vertical poetics of the house or in fixed locations, for example, I search for it in movement, surprise, evasion, in remnants: of memory, knowledge, gestures, objects. I pay particular attention to moments that provoke or actualize a feeling of comfort because, for me, inhabiting (oneself) goes beyond occupying one&rsquo;s body or a physical space; it begins with this: being comforted, overcoming fears, transforming anxieties.<\/p><p class=\"p6\">With this perspective, I transpose into my works the effects left by places encountered during my wanderings, mainly in forests. I strive to retain representations of those moments when I felt in tune with the world, simultaneously in my memories, present in the immediate environment, and open to \u00ab\u00a0events\u00a0\u00bb: encounters, reminiscences, feelings of beauty or familiarity.<\/p><p class=\"p6\">My works operate in the same way. The eyes wander over the surface, alert for events triggered by all these encounters between various materials and styles, this hybridization between interior and exterior spaces, tamed and wild.<\/p><p class=\"p6\">In front of my installations, people recognize familiar places, identify with representations. From there, we can share these small identity fragments that are both personal and common, and <span class=\"s2\">establish a newly inhabited lapse of time.<\/span><\/p>\t\t\t\t\t\t<\/div>\n\t\t\t\t<\/div>\n\t\t\t\t<\/div>\n\t\t<div class=\"elementor-element elementor-element-38a4c62 e-con-full e-flex e-con e-child\" data-id=\"38a4c62\" data-element_type=\"container\">\n\t\t\t\t<div class=\"elementor-element elementor-element-52ab4c0 elementor-widget elementor-widget-image\" data-id=\"52ab4c0\" data-element_type=\"widget\" data-widget_type=\"image.default\">\n\t\t\t\t<div class=\"elementor-widget-container\">\n\t\t\t\t\t\t\t\t\t\t<figure class=\"wp-caption\">\n\t\t\t\t\t\t\t\t\t\t<img decoding=\"async\" width=\"768\" height=\"1077\" src=\"http:\/\/lilasbelanger.com\/wp-content\/uploads\/2024\/08\/Lilasetsasculpturelow-copie-768x1077.jpg\" class=\"attachment-medium_large size-medium_large wp-image-229\" alt=\"\" srcset=\"http:\/\/lilasbelanger.com\/wp-content\/uploads\/2024\/08\/Lilasetsasculpturelow-copie-768x1077.jpg 768w, http:\/\/lilasbelanger.com\/wp-content\/uploads\/2024\/08\/Lilasetsasculpturelow-copie-214x300.jpg 214w, http:\/\/lilasbelanger.com\/wp-content\/uploads\/2024\/08\/Lilasetsasculpturelow-copie-730x1024.jpg 730w, http:\/\/lilasbelanger.com\/wp-content\/uploads\/2024\/08\/Lilasetsasculpturelow-copie.jpg 921w\" sizes=\"(max-width: 768px) 100vw, 768px\" \/>\t\t\t\t\t\t\t\t\t\t\t<figcaption class=\"widget-image-caption wp-caption-text\">Cr\u00e9dits photo: J\u00e9r\u00f4me Bertrand<\/figcaption>\n\t\t\t\t\t\t\t\t\t\t<\/figure>\n\t\t\t\t\t\t\t<\/div>\n\t\t\t\t<\/div>\n\t\t\t\t<\/div>\n\t\t\t\t\t<\/div>\n\t\t\t\t<\/div>\n\t\t\t\t<\/div>\n\t\t","protected":false},"excerpt":{"rendered":"<p>Cr\u00e9dits photo: J\u00e9r\u00f4me Bertrand S&rsquo;) Habiter: pr\u00e9sence et passage \u00a0 Dans ma d\u00e9marche artistique je tente de cerner la notion d\u2019habiter\u00a0l\u00e0 o\u00f9 on ne l\u2019attend pas n\u00e9cessairement. Ne l\u2019ayant jamais trouv\u00e9e dans l\u2019habituelle po\u00e9tique verticale de la maison ou dans la fixit\u00e9, par exemple, je la\u00a0\u00a0cherche dans le mouvement, la surprise, la fuite, dans les [&hellip;]<\/p>\n","protected":false},"author":1,"featured_media":0,"parent":0,"menu_order":0,"comment_status":"closed","ping_status":"closed","template":"","meta":{"footnotes":""},"class_list":["post-107","page","type-page","status-publish","hentry"],"yoast_head":"<!-- This site is optimized with the Yoast SEO plugin v23.0 - https:\/\/yoast.com\/wordpress\/plugins\/seo\/ -->\n<title>D\u00e9marche\/Approach - Lilasbelanger<\/title>\n<meta name=\"robots\" content=\"index, follow, max-snippet:-1, max-image-preview:large, max-video-preview:-1\" \/>\n<link rel=\"canonical\" href=\"https:\/\/lilasbelanger.com\/?page_id=107\" \/>\n<meta property=\"og:locale\" content=\"fr_CA\" \/>\n<meta property=\"og:type\" content=\"article\" \/>\n<meta property=\"og:title\" content=\"D\u00e9marche\/Approach - Lilasbelanger\" \/>\n<meta property=\"og:description\" content=\"Cr\u00e9dits photo: J\u00e9r\u00f4me Bertrand S&rsquo;) Habiter: pr\u00e9sence et passage \u00a0 Dans ma d\u00e9marche artistique je tente de cerner la notion d\u2019habiter\u00a0l\u00e0 o\u00f9 on ne l\u2019attend pas n\u00e9cessairement. Ne l\u2019ayant jamais trouv\u00e9e dans l\u2019habituelle po\u00e9tique verticale de la maison ou dans la fixit\u00e9, par exemple, je la\u00a0\u00a0cherche dans le mouvement, la surprise, la fuite, dans les [&hellip;]\" \/>\n<meta property=\"og:url\" content=\"https:\/\/lilasbelanger.com\/?page_id=107\" \/>\n<meta property=\"og:site_name\" content=\"Lilasbelanger\" \/>\n<meta property=\"article:modified_time\" content=\"2026-02-02T12:49:58+00:00\" \/>\n<meta property=\"og:image\" content=\"http:\/\/lilasbelanger.com\/wp-content\/uploads\/2024\/08\/Lilasatelier-637x1024.jpg\" \/>\n<meta name=\"twitter:card\" content=\"summary_large_image\" \/>\n<meta name=\"twitter:label1\" content=\"Estimation du temps de lecture\" \/>\n\t<meta name=\"twitter:data1\" content=\"3 minutes\" \/>\n<script type=\"application\/ld+json\" class=\"yoast-schema-graph\">{\"@context\":\"https:\/\/schema.org\",\"@graph\":[{\"@type\":\"WebPage\",\"@id\":\"https:\/\/lilasbelanger.com\/?page_id=107\",\"url\":\"https:\/\/lilasbelanger.com\/?page_id=107\",\"name\":\"D\u00e9marche\/Approach - Lilasbelanger\",\"isPartOf\":{\"@id\":\"https:\/\/lilasbelanger.com\/#website\"},\"primaryImageOfPage\":{\"@id\":\"https:\/\/lilasbelanger.com\/?page_id=107#primaryimage\"},\"image\":{\"@id\":\"https:\/\/lilasbelanger.com\/?page_id=107#primaryimage\"},\"thumbnailUrl\":\"http:\/\/lilasbelanger.com\/wp-content\/uploads\/2024\/08\/Lilasatelier-637x1024.jpg\",\"datePublished\":\"2024-07-28T18:28:17+00:00\",\"dateModified\":\"2026-02-02T12:49:58+00:00\",\"breadcrumb\":{\"@id\":\"https:\/\/lilasbelanger.com\/?page_id=107#breadcrumb\"},\"inLanguage\":\"fr-CA\",\"potentialAction\":[{\"@type\":\"ReadAction\",\"target\":[\"https:\/\/lilasbelanger.com\/?page_id=107\"]}]},{\"@type\":\"ImageObject\",\"inLanguage\":\"fr-CA\",\"@id\":\"https:\/\/lilasbelanger.com\/?page_id=107#primaryimage\",\"url\":\"http:\/\/lilasbelanger.com\/wp-content\/uploads\/2024\/08\/Lilasatelier-scaled.jpg\",\"contentUrl\":\"http:\/\/lilasbelanger.com\/wp-content\/uploads\/2024\/08\/Lilasatelier-scaled.jpg\",\"width\":1592,\"height\":2560},{\"@type\":\"BreadcrumbList\",\"@id\":\"https:\/\/lilasbelanger.com\/?page_id=107#breadcrumb\",\"itemListElement\":[{\"@type\":\"ListItem\",\"position\":1,\"name\":\"Accueil\",\"item\":\"https:\/\/lilasbelanger.com\/\"},{\"@type\":\"ListItem\",\"position\":2,\"name\":\"D\u00e9marche\/Approach\"}]},{\"@type\":\"WebSite\",\"@id\":\"https:\/\/lilasbelanger.com\/#website\",\"url\":\"https:\/\/lilasbelanger.com\/\",\"name\":\"Lilasbelanger\",\"description\":\"Arts visuels de la f\u00e9e des sous-bois\",\"potentialAction\":[{\"@type\":\"SearchAction\",\"target\":{\"@type\":\"EntryPoint\",\"urlTemplate\":\"https:\/\/lilasbelanger.com\/?s={search_term_string}\"},\"query-input\":\"required name=search_term_string\"}],\"inLanguage\":\"fr-CA\"}]}<\/script>\n<!-- \/ Yoast SEO plugin. -->","yoast_head_json":{"title":"D\u00e9marche\/Approach - Lilasbelanger","robots":{"index":"index","follow":"follow","max-snippet":"max-snippet:-1","max-image-preview":"max-image-preview:large","max-video-preview":"max-video-preview:-1"},"canonical":"https:\/\/lilasbelanger.com\/?page_id=107","og_locale":"fr_CA","og_type":"article","og_title":"D\u00e9marche\/Approach - Lilasbelanger","og_description":"Cr\u00e9dits photo: J\u00e9r\u00f4me Bertrand S&rsquo;) Habiter: pr\u00e9sence et passage \u00a0 Dans ma d\u00e9marche artistique je tente de cerner la notion d\u2019habiter\u00a0l\u00e0 o\u00f9 on ne l\u2019attend pas n\u00e9cessairement. Ne l\u2019ayant jamais trouv\u00e9e dans l\u2019habituelle po\u00e9tique verticale de la maison ou dans la fixit\u00e9, par exemple, je la\u00a0\u00a0cherche dans le mouvement, la surprise, la fuite, dans les [&hellip;]","og_url":"https:\/\/lilasbelanger.com\/?page_id=107","og_site_name":"Lilasbelanger","article_modified_time":"2026-02-02T12:49:58+00:00","og_image":[{"url":"http:\/\/lilasbelanger.com\/wp-content\/uploads\/2024\/08\/Lilasatelier-637x1024.jpg"}],"twitter_card":"summary_large_image","twitter_misc":{"Estimation du temps de lecture":"3 minutes"},"schema":{"@context":"https:\/\/schema.org","@graph":[{"@type":"WebPage","@id":"https:\/\/lilasbelanger.com\/?page_id=107","url":"https:\/\/lilasbelanger.com\/?page_id=107","name":"D\u00e9marche\/Approach - Lilasbelanger","isPartOf":{"@id":"https:\/\/lilasbelanger.com\/#website"},"primaryImageOfPage":{"@id":"https:\/\/lilasbelanger.com\/?page_id=107#primaryimage"},"image":{"@id":"https:\/\/lilasbelanger.com\/?page_id=107#primaryimage"},"thumbnailUrl":"http:\/\/lilasbelanger.com\/wp-content\/uploads\/2024\/08\/Lilasatelier-637x1024.jpg","datePublished":"2024-07-28T18:28:17+00:00","dateModified":"2026-02-02T12:49:58+00:00","breadcrumb":{"@id":"https:\/\/lilasbelanger.com\/?page_id=107#breadcrumb"},"inLanguage":"fr-CA","potentialAction":[{"@type":"ReadAction","target":["https:\/\/lilasbelanger.com\/?page_id=107"]}]},{"@type":"ImageObject","inLanguage":"fr-CA","@id":"https:\/\/lilasbelanger.com\/?page_id=107#primaryimage","url":"http:\/\/lilasbelanger.com\/wp-content\/uploads\/2024\/08\/Lilasatelier-scaled.jpg","contentUrl":"http:\/\/lilasbelanger.com\/wp-content\/uploads\/2024\/08\/Lilasatelier-scaled.jpg","width":1592,"height":2560},{"@type":"BreadcrumbList","@id":"https:\/\/lilasbelanger.com\/?page_id=107#breadcrumb","itemListElement":[{"@type":"ListItem","position":1,"name":"Accueil","item":"https:\/\/lilasbelanger.com\/"},{"@type":"ListItem","position":2,"name":"D\u00e9marche\/Approach"}]},{"@type":"WebSite","@id":"https:\/\/lilasbelanger.com\/#website","url":"https:\/\/lilasbelanger.com\/","name":"Lilasbelanger","description":"Arts visuels de la f\u00e9e des sous-bois","potentialAction":[{"@type":"SearchAction","target":{"@type":"EntryPoint","urlTemplate":"https:\/\/lilasbelanger.com\/?s={search_term_string}"},"query-input":"required name=search_term_string"}],"inLanguage":"fr-CA"}]}},"_links":{"self":[{"href":"http:\/\/lilasbelanger.com\/index.php?rest_route=\/wp\/v2\/pages\/107","targetHints":{"allow":["GET"]}}],"collection":[{"href":"http:\/\/lilasbelanger.com\/index.php?rest_route=\/wp\/v2\/pages"}],"about":[{"href":"http:\/\/lilasbelanger.com\/index.php?rest_route=\/wp\/v2\/types\/page"}],"author":[{"embeddable":true,"href":"http:\/\/lilasbelanger.com\/index.php?rest_route=\/wp\/v2\/users\/1"}],"replies":[{"embeddable":true,"href":"http:\/\/lilasbelanger.com\/index.php?rest_route=%2Fwp%2Fv2%2Fcomments&post=107"}],"version-history":[{"count":48,"href":"http:\/\/lilasbelanger.com\/index.php?rest_route=\/wp\/v2\/pages\/107\/revisions"}],"predecessor-version":[{"id":256,"href":"http:\/\/lilasbelanger.com\/index.php?rest_route=\/wp\/v2\/pages\/107\/revisions\/256"}],"wp:attachment":[{"href":"http:\/\/lilasbelanger.com\/index.php?rest_route=%2Fwp%2Fv2%2Fmedia&parent=107"}],"curies":[{"name":"wp","href":"https:\/\/api.w.org\/{rel}","templated":true}]}}