{"id":2,"date":"2024-07-06T15:48:51","date_gmt":"2024-07-06T15:48:51","guid":{"rendered":"http:\/\/lilasbelanger.com\/?page_id=2"},"modified":"2024-08-25T14:53:19","modified_gmt":"2024-08-25T14:53:19","slug":"sample-page","status":"publish","type":"page","link":"http:\/\/lilasbelanger.com\/?page_id=2","title":{"rendered":"Sculptures"},"content":{"rendered":"\t\t<div data-elementor-type=\"wp-page\" data-elementor-id=\"2\" class=\"elementor elementor-2\">\n\t\t\t\t<div class=\"elementor-element elementor-element-b3e990e e-flex e-con-boxed e-con e-parent\" data-id=\"b3e990e\" data-element_type=\"container\">\n\t\t\t\t\t<div class=\"e-con-inner\">\n\t\t<div class=\"elementor-element elementor-element-984f640 e-con-full e-flex e-con e-child\" data-id=\"984f640\" data-element_type=\"container\">\n\t\t\t\t<div class=\"elementor-element elementor-element-d8be4aa elementor-widget elementor-widget-text-editor\" data-id=\"d8be4aa\" data-element_type=\"widget\" data-widget_type=\"text-editor.default\">\n\t\t\t\t<div class=\"elementor-widget-container\">\n\t\t\t<style>\/*! elementor - v3.22.0 - 26-06-2024 *\/\n.elementor-widget-text-editor.elementor-drop-cap-view-stacked .elementor-drop-cap{background-color:#69727d;color:#fff}.elementor-widget-text-editor.elementor-drop-cap-view-framed .elementor-drop-cap{color:#69727d;border:3px solid;background-color:transparent}.elementor-widget-text-editor:not(.elementor-drop-cap-view-default) .elementor-drop-cap{margin-top:8px}.elementor-widget-text-editor:not(.elementor-drop-cap-view-default) .elementor-drop-cap-letter{width:1em;height:1em}.elementor-widget-text-editor .elementor-drop-cap{float:left;text-align:center;line-height:1;font-size:50px}.elementor-widget-text-editor .elementor-drop-cap-letter{display:inline-block}<\/style>\t\t\t\t<p><i>Au lieu de&#8230;<\/i><\/p><p><i>Ici les sculptures sont des fragments d\u2019habitats stables et mouvants \u00e0 la fois, dr\u00f4les ou inqui\u00e9tants.. les arbres y font la course, les sapins sont vraiment les rois, les fleurs expulsent des paysages magiques\u2026<\/i><\/p><p><i>Here, the sculptures are fragments of habitats that are both stable and moving, funny or unsettling: the trees race each other, the firs are truly the kings, and the flowers expel magical landscapes\u2026<\/i><\/p>\t\t\t\t\t\t<\/div>\n\t\t\t\t<\/div>\n\t\t\t\t<div class=\"elementor-element elementor-element-a04c43f elementor-widget__width-inherit elementor-widget elementor-widget-image\" data-id=\"a04c43f\" data-element_type=\"widget\" data-widget_type=\"image.default\">\n\t\t\t\t<div class=\"elementor-widget-container\">\n\t\t\t<style>\/*! elementor - v3.22.0 - 26-06-2024 *\/\n.elementor-widget-image{text-align:center}.elementor-widget-image a{display:inline-block}.elementor-widget-image a img[src$=\".svg\"]{width:48px}.elementor-widget-image img{vertical-align:middle;display:inline-block}<\/style>\t\t\t\t\t\t\t<figure class=\"wp-caption\">\n\t\t\t\t\t\t\t\t\t\t\t<a href=\"http:\/\/lilasbelanger.com\/wp-content\/uploads\/2024\/08\/5-AMBelangerArbres-de-course-scaled.jpg\" data-elementor-open-lightbox=\"yes\" data-elementor-lightbox-title=\"Arbres de course\" data-e-action-hash=\"#elementor-action%3Aaction%3Dlightbox%26settings%3DeyJpZCI6MjgwLCJ1cmwiOiJodHRwOlwvXC9saWxhc2JlbGFuZ2VyLmNvbVwvd3AtY29udGVudFwvdXBsb2Fkc1wvMjAyNFwvMDhcLzUtQU1CZWxhbmdlckFyYnJlcy1kZS1jb3Vyc2Utc2NhbGVkLmpwZyJ9\">\n\t\t\t\t\t\t\t<img fetchpriority=\"high\" decoding=\"async\" width=\"1226\" height=\"2048\" src=\"http:\/\/lilasbelanger.com\/wp-content\/uploads\/2024\/08\/5-AMBelangerArbres-de-course-1226x2048.jpg\" class=\"attachment-2048x2048 size-2048x2048 wp-image-280\" alt=\"\" srcset=\"http:\/\/lilasbelanger.com\/wp-content\/uploads\/2024\/08\/5-AMBelangerArbres-de-course-1226x2048.jpg 1226w, http:\/\/lilasbelanger.com\/wp-content\/uploads\/2024\/08\/5-AMBelangerArbres-de-course-180x300.jpg 180w, http:\/\/lilasbelanger.com\/wp-content\/uploads\/2024\/08\/5-AMBelangerArbres-de-course-613x1024.jpg 613w, http:\/\/lilasbelanger.com\/wp-content\/uploads\/2024\/08\/5-AMBelangerArbres-de-course-768x1283.jpg 768w, http:\/\/lilasbelanger.com\/wp-content\/uploads\/2024\/08\/5-AMBelangerArbres-de-course-919x1536.jpg 919w, http:\/\/lilasbelanger.com\/wp-content\/uploads\/2024\/08\/5-AMBelangerArbres-de-course-scaled.jpg 1532w\" sizes=\"(max-width: 1226px) 100vw, 1226px\" \/>\t\t\t\t\t\t\t\t<\/a>\n\t\t\t\t\t\t\t\t\t\t\t<figcaption class=\"widget-image-caption wp-caption-text\">Arbres de course, techniques mixtes (oeuvre cin\u00e9tique), H84xL40xP30 pouces<\/figcaption>\n\t\t\t\t\t\t\t\t\t\t<\/figure>\n\t\t\t\t\t\t\t<\/div>\n\t\t\t\t<\/div>\n\t\t\t\t<\/div>\n\t\t<div class=\"elementor-element elementor-element-f65fcdb e-con-full e-flex e-con e-child\" data-id=\"f65fcdb\" data-element_type=\"container\">\n\t\t<div class=\"elementor-element elementor-element-1837a6e e-con-full e-flex e-con e-child\" data-id=\"1837a6e\" data-element_type=\"container\">\n\t\t\t\t<div class=\"elementor-element elementor-element-4b78f22 elementor-widget elementor-widget-image\" data-id=\"4b78f22\" data-element_type=\"widget\" data-widget_type=\"image.default\">\n\t\t\t\t<div class=\"elementor-widget-container\">\n\t\t\t\t\t\t\t\t\t\t<figure class=\"wp-caption\">\n\t\t\t\t\t\t\t\t\t\t\t<a href=\"http:\/\/lilasbelanger.com\/wp-content\/uploads\/2024\/08\/1.jpg\" data-elementor-open-lightbox=\"yes\" data-elementor-lightbox-title=\"Sa majest\u00e9 le sapin\" data-e-action-hash=\"#elementor-action%3Aaction%3Dlightbox%26settings%3DeyJpZCI6Mjc5LCJ1cmwiOiJodHRwOlwvXC9saWxhc2JlbGFuZ2VyLmNvbVwvd3AtY29udGVudFwvdXBsb2Fkc1wvMjAyNFwvMDhcLzEuanBnIn0%3D\">\n\t\t\t\t\t\t\t<img decoding=\"async\" width=\"768\" height=\"983\" src=\"http:\/\/lilasbelanger.com\/wp-content\/uploads\/2024\/08\/1-768x983.jpg\" class=\"attachment-medium_large size-medium_large wp-image-279\" alt=\"\" srcset=\"http:\/\/lilasbelanger.com\/wp-content\/uploads\/2024\/08\/1-768x983.jpg 768w, http:\/\/lilasbelanger.com\/wp-content\/uploads\/2024\/08\/1-234x300.jpg 234w, http:\/\/lilasbelanger.com\/wp-content\/uploads\/2024\/08\/1-800x1024.jpg 800w, http:\/\/lilasbelanger.com\/wp-content\/uploads\/2024\/08\/1-1200x1536.jpg 1200w, http:\/\/lilasbelanger.com\/wp-content\/uploads\/2024\/08\/1-1600x2048.jpg 1600w, http:\/\/lilasbelanger.com\/wp-content\/uploads\/2024\/08\/1.jpg 1800w\" sizes=\"(max-width: 768px) 100vw, 768px\" \/>\t\t\t\t\t\t\t\t<\/a>\n\t\t\t\t\t\t\t\t\t\t\t<figcaption class=\"widget-image-caption wp-caption-text\">Sa majest\u00e9 le sapin, techniques mixtes, 34x40x22<\/figcaption>\n\t\t\t\t\t\t\t\t\t\t<\/figure>\n\t\t\t\t\t\t\t<\/div>\n\t\t\t\t<\/div>\n\t\t\t\t<\/div>\n\t\t<div class=\"elementor-element elementor-element-6464a51 e-con-full e-flex e-con e-child\" data-id=\"6464a51\" data-element_type=\"container\">\n\t\t\t\t<div class=\"elementor-element elementor-element-e50b10e elementor-widget elementor-widget-image\" data-id=\"e50b10e\" data-element_type=\"widget\" data-widget_type=\"image.default\">\n\t\t\t\t<div class=\"elementor-widget-container\">\n\t\t\t\t\t\t\t\t\t\t<figure class=\"wp-caption\">\n\t\t\t\t\t\t\t\t\t\t\t<a href=\"http:\/\/lilasbelanger.com\/wp-content\/uploads\/2024\/08\/7-AMBelangerFleur-mecanique-scaled.jpg\" data-elementor-open-lightbox=\"yes\" data-elementor-lightbox-title=\"7-AMBelanger,Fleur me\u0301canique\" data-e-action-hash=\"#elementor-action%3Aaction%3Dlightbox%26settings%3DeyJpZCI6MjgyLCJ1cmwiOiJodHRwOlwvXC9saWxhc2JlbGFuZ2VyLmNvbVwvd3AtY29udGVudFwvdXBsb2Fkc1wvMjAyNFwvMDhcLzctQU1CZWxhbmdlckZsZXVyLW1lY2FuaXF1ZS1zY2FsZWQuanBnIn0%3D\">\n\t\t\t\t\t\t\t<img decoding=\"async\" width=\"768\" height=\"1367\" src=\"http:\/\/lilasbelanger.com\/wp-content\/uploads\/2024\/08\/7-AMBelangerFleur-mecanique-768x1367.jpg\" class=\"attachment-medium_large size-medium_large wp-image-282\" alt=\"\" srcset=\"http:\/\/lilasbelanger.com\/wp-content\/uploads\/2024\/08\/7-AMBelangerFleur-mecanique-768x1367.jpg 768w, http:\/\/lilasbelanger.com\/wp-content\/uploads\/2024\/08\/7-AMBelangerFleur-mecanique-168x300.jpg 168w, http:\/\/lilasbelanger.com\/wp-content\/uploads\/2024\/08\/7-AMBelangerFleur-mecanique-575x1024.jpg 575w, http:\/\/lilasbelanger.com\/wp-content\/uploads\/2024\/08\/7-AMBelangerFleur-mecanique-863x1536.jpg 863w, http:\/\/lilasbelanger.com\/wp-content\/uploads\/2024\/08\/7-AMBelangerFleur-mecanique-1150x2048.jpg 1150w, http:\/\/lilasbelanger.com\/wp-content\/uploads\/2024\/08\/7-AMBelangerFleur-mecanique-scaled.jpg 1438w\" sizes=\"(max-width: 768px) 100vw, 768px\" \/>\t\t\t\t\t\t\t\t<\/a>\n\t\t\t\t\t\t\t\t\t\t\t<figcaption class=\"widget-image-caption wp-caption-text\">Fleur m\u00e9canique, techniques mixtes, H60xL26x P45 (avec la partie au sol)<\/figcaption>\n\t\t\t\t\t\t\t\t\t\t<\/figure>\n\t\t\t\t\t\t\t<\/div>\n\t\t\t\t<\/div>\n\t\t\t\t<\/div>\n\t\t\t\t<\/div>\n\t\t\t\t\t<\/div>\n\t\t\t\t<\/div>\n\t\t<div class=\"elementor-element elementor-element-4b65574 e-flex e-con-boxed e-con e-parent\" data-id=\"4b65574\" data-element_type=\"container\">\n\t\t\t\t\t<div class=\"e-con-inner\">\n\t\t\t\t<div class=\"elementor-element elementor-element-16f0d32 elementor-widget elementor-widget-image\" data-id=\"16f0d32\" data-element_type=\"widget\" data-widget_type=\"image.default\">\n\t\t\t\t<div class=\"elementor-widget-container\">\n\t\t\t\t\t\t\t\t\t\t<figure class=\"wp-caption\">\n\t\t\t\t\t\t\t\t\t\t\t<a href=\"http:\/\/lilasbelanger.com\/wp-content\/uploads\/2024\/08\/Vanite.jpg\" data-elementor-open-lightbox=\"yes\" data-elementor-lightbox-title=\"Vanite\u0301\" data-e-action-hash=\"#elementor-action%3Aaction%3Dlightbox%26settings%3DeyJpZCI6MzA5LCJ1cmwiOiJodHRwOlwvXC9saWxhc2JlbGFuZ2VyLmNvbVwvd3AtY29udGVudFwvdXBsb2Fkc1wvMjAyNFwvMDhcL1Zhbml0ZS5qcGcifQ%3D%3D\">\n\t\t\t\t\t\t\t<img loading=\"lazy\" decoding=\"async\" width=\"1317\" height=\"905\" src=\"http:\/\/lilasbelanger.com\/wp-content\/uploads\/2024\/08\/Vanite.jpg\" class=\"attachment-1536x1536 size-1536x1536 wp-image-309\" alt=\"\" srcset=\"http:\/\/lilasbelanger.com\/wp-content\/uploads\/2024\/08\/Vanite.jpg 1317w, http:\/\/lilasbelanger.com\/wp-content\/uploads\/2024\/08\/Vanite-300x206.jpg 300w, http:\/\/lilasbelanger.com\/wp-content\/uploads\/2024\/08\/Vanite-1024x704.jpg 1024w, http:\/\/lilasbelanger.com\/wp-content\/uploads\/2024\/08\/Vanite-768x528.jpg 768w\" sizes=\"(max-width: 1317px) 100vw, 1317px\" \/>\t\t\t\t\t\t\t\t<\/a>\n\t\t\t\t\t\t\t\t\t\t\t<figcaption class=\"widget-image-caption wp-caption-text\">Vanit\u00e9, acrylique sur toile, objets, mousse de polyur\u00e9thane et bois, 48 X 38 X 34<\/figcaption>\n\t\t\t\t\t\t\t\t\t\t<\/figure>\n\t\t\t\t\t\t\t<\/div>\n\t\t\t\t<\/div>\n\t\t\t\t\t<\/div>\n\t\t\t\t<\/div>\n\t\t<div class=\"elementor-element elementor-element-b36f7c3 e-flex e-con-boxed e-con e-parent\" data-id=\"b36f7c3\" data-element_type=\"container\">\n\t\t\t\t\t<div class=\"e-con-inner\">\n\t\t\t\t<div class=\"elementor-element elementor-element-93f8906 elementor-widget elementor-widget-image\" data-id=\"93f8906\" data-element_type=\"widget\" data-widget_type=\"image.default\">\n\t\t\t\t<div class=\"elementor-widget-container\">\n\t\t\t\t\t\t\t\t\t\t<figure class=\"wp-caption\">\n\t\t\t\t\t\t\t\t\t\t\t<a href=\"http:\/\/lilasbelanger.com\/wp-content\/uploads\/2024\/08\/02Belanger-1.jpg\" data-elementor-open-lightbox=\"yes\" data-elementor-lightbox-title=\"Nature morte au sapin\" data-e-action-hash=\"#elementor-action%3Aaction%3Dlightbox%26settings%3DeyJpZCI6MzIyLCJ1cmwiOiJodHRwOlwvXC9saWxhc2JlbGFuZ2VyLmNvbVwvd3AtY29udGVudFwvdXBsb2Fkc1wvMjAyNFwvMDhcLzAyQmVsYW5nZXItMS5qcGcifQ%3D%3D\">\n\t\t\t\t\t\t\t<img loading=\"lazy\" decoding=\"async\" width=\"912\" height=\"720\" src=\"http:\/\/lilasbelanger.com\/wp-content\/uploads\/2024\/08\/02Belanger-1.jpg\" class=\"attachment-1536x1536 size-1536x1536 wp-image-322\" alt=\"\" srcset=\"http:\/\/lilasbelanger.com\/wp-content\/uploads\/2024\/08\/02Belanger-1.jpg 912w, http:\/\/lilasbelanger.com\/wp-content\/uploads\/2024\/08\/02Belanger-1-300x237.jpg 300w, http:\/\/lilasbelanger.com\/wp-content\/uploads\/2024\/08\/02Belanger-1-768x606.jpg 768w\" sizes=\"(max-width: 912px) 100vw, 912px\" \/>\t\t\t\t\t\t\t\t<\/a>\n\t\t\t\t\t\t\t\t\t\t\t<figcaption class=\"widget-image-caption wp-caption-text\">Nature morte au sapin, acryliques sur toile, tissu, objets,72x48x35<\/figcaption>\n\t\t\t\t\t\t\t\t\t\t<\/figure>\n\t\t\t\t\t\t\t<\/div>\n\t\t\t\t<\/div>\n\t\t\t\t\t<\/div>\n\t\t\t\t<\/div>\n\t\t\t\t<\/div>\n\t\t","protected":false},"excerpt":{"rendered":"<p>Au lieu de&#8230; Ici les sculptures sont des fragments d\u2019habitats stables et mouvants \u00e0 la fois, dr\u00f4les ou inqui\u00e9tants.. les arbres y font la course, les sapins sont vraiment les rois, les fleurs expulsent des paysages magiques\u2026 Here, the sculptures are fragments of habitats that are both stable and moving, funny or unsettling: the trees [&hellip;]<\/p>\n","protected":false},"author":1,"featured_media":0,"parent":0,"menu_order":0,"comment_status":"closed","ping_status":"closed","template":"","meta":{"footnotes":""},"class_list":["post-2","page","type-page","status-publish","hentry"],"yoast_head":"<!-- This site is optimized with the Yoast SEO plugin v23.0 - https:\/\/yoast.com\/wordpress\/plugins\/seo\/ -->\n<title>Sculptures - Lilasbelanger<\/title>\n<meta name=\"robots\" content=\"index, follow, max-snippet:-1, max-image-preview:large, max-video-preview:-1\" \/>\n<link rel=\"canonical\" href=\"https:\/\/lilasbelanger.com\/?page_id=2\" \/>\n<meta property=\"og:locale\" content=\"fr_CA\" \/>\n<meta property=\"og:type\" content=\"article\" \/>\n<meta property=\"og:title\" content=\"Sculptures - Lilasbelanger\" \/>\n<meta property=\"og:description\" content=\"Au lieu de&#8230; Ici les sculptures sont des fragments d\u2019habitats stables et mouvants \u00e0 la fois, dr\u00f4les ou inqui\u00e9tants.. les arbres y font la course, les sapins sont vraiment les rois, les fleurs expulsent des paysages magiques\u2026 Here, the sculptures are fragments of habitats that are both stable and moving, funny or unsettling: the trees [&hellip;]\" \/>\n<meta property=\"og:url\" content=\"https:\/\/lilasbelanger.com\/?page_id=2\" \/>\n<meta property=\"og:site_name\" content=\"Lilasbelanger\" \/>\n<meta property=\"article:modified_time\" content=\"2024-08-25T14:53:19+00:00\" \/>\n<meta property=\"og:image\" content=\"http:\/\/lilasbelanger.com\/wp-content\/uploads\/2024\/08\/5-AMBelangerArbres-de-course-1226x2048.jpg\" \/>\n<meta name=\"twitter:card\" content=\"summary_large_image\" \/>\n<meta name=\"twitter:label1\" content=\"Estimation du temps de lecture\" \/>\n\t<meta name=\"twitter:data1\" content=\"2 minutes\" \/>\n<script type=\"application\/ld+json\" class=\"yoast-schema-graph\">{\"@context\":\"https:\/\/schema.org\",\"@graph\":[{\"@type\":\"WebPage\",\"@id\":\"https:\/\/lilasbelanger.com\/?page_id=2\",\"url\":\"https:\/\/lilasbelanger.com\/?page_id=2\",\"name\":\"Sculptures - Lilasbelanger\",\"isPartOf\":{\"@id\":\"https:\/\/lilasbelanger.com\/#website\"},\"primaryImageOfPage\":{\"@id\":\"https:\/\/lilasbelanger.com\/?page_id=2#primaryimage\"},\"image\":{\"@id\":\"https:\/\/lilasbelanger.com\/?page_id=2#primaryimage\"},\"thumbnailUrl\":\"http:\/\/lilasbelanger.com\/wp-content\/uploads\/2024\/08\/5-AMBelangerArbres-de-course-1226x2048.jpg\",\"datePublished\":\"2024-07-06T15:48:51+00:00\",\"dateModified\":\"2024-08-25T14:53:19+00:00\",\"breadcrumb\":{\"@id\":\"https:\/\/lilasbelanger.com\/?page_id=2#breadcrumb\"},\"inLanguage\":\"fr-CA\",\"potentialAction\":[{\"@type\":\"ReadAction\",\"target\":[\"https:\/\/lilasbelanger.com\/?page_id=2\"]}]},{\"@type\":\"ImageObject\",\"inLanguage\":\"fr-CA\",\"@id\":\"https:\/\/lilasbelanger.com\/?page_id=2#primaryimage\",\"url\":\"http:\/\/lilasbelanger.com\/wp-content\/uploads\/2024\/08\/5-AMBelangerArbres-de-course-scaled.jpg\",\"contentUrl\":\"http:\/\/lilasbelanger.com\/wp-content\/uploads\/2024\/08\/5-AMBelangerArbres-de-course-scaled.jpg\",\"width\":1532,\"height\":2560},{\"@type\":\"BreadcrumbList\",\"@id\":\"https:\/\/lilasbelanger.com\/?page_id=2#breadcrumb\",\"itemListElement\":[{\"@type\":\"ListItem\",\"position\":1,\"name\":\"Accueil\",\"item\":\"https:\/\/lilasbelanger.com\/\"},{\"@type\":\"ListItem\",\"position\":2,\"name\":\"Sculptures\"}]},{\"@type\":\"WebSite\",\"@id\":\"https:\/\/lilasbelanger.com\/#website\",\"url\":\"https:\/\/lilasbelanger.com\/\",\"name\":\"Lilasbelanger\",\"description\":\"Arts visuels de la f\u00e9e des sous-bois\",\"potentialAction\":[{\"@type\":\"SearchAction\",\"target\":{\"@type\":\"EntryPoint\",\"urlTemplate\":\"https:\/\/lilasbelanger.com\/?s={search_term_string}\"},\"query-input\":\"required name=search_term_string\"}],\"inLanguage\":\"fr-CA\"}]}<\/script>\n<!-- \/ Yoast SEO plugin. -->","yoast_head_json":{"title":"Sculptures - Lilasbelanger","robots":{"index":"index","follow":"follow","max-snippet":"max-snippet:-1","max-image-preview":"max-image-preview:large","max-video-preview":"max-video-preview:-1"},"canonical":"https:\/\/lilasbelanger.com\/?page_id=2","og_locale":"fr_CA","og_type":"article","og_title":"Sculptures - Lilasbelanger","og_description":"Au lieu de&#8230; Ici les sculptures sont des fragments d\u2019habitats stables et mouvants \u00e0 la fois, dr\u00f4les ou inqui\u00e9tants.. les arbres y font la course, les sapins sont vraiment les rois, les fleurs expulsent des paysages magiques\u2026 Here, the sculptures are fragments of habitats that are both stable and moving, funny or unsettling: the trees [&hellip;]","og_url":"https:\/\/lilasbelanger.com\/?page_id=2","og_site_name":"Lilasbelanger","article_modified_time":"2024-08-25T14:53:19+00:00","og_image":[{"url":"http:\/\/lilasbelanger.com\/wp-content\/uploads\/2024\/08\/5-AMBelangerArbres-de-course-1226x2048.jpg"}],"twitter_card":"summary_large_image","twitter_misc":{"Estimation du temps de lecture":"2 minutes"},"schema":{"@context":"https:\/\/schema.org","@graph":[{"@type":"WebPage","@id":"https:\/\/lilasbelanger.com\/?page_id=2","url":"https:\/\/lilasbelanger.com\/?page_id=2","name":"Sculptures - Lilasbelanger","isPartOf":{"@id":"https:\/\/lilasbelanger.com\/#website"},"primaryImageOfPage":{"@id":"https:\/\/lilasbelanger.com\/?page_id=2#primaryimage"},"image":{"@id":"https:\/\/lilasbelanger.com\/?page_id=2#primaryimage"},"thumbnailUrl":"http:\/\/lilasbelanger.com\/wp-content\/uploads\/2024\/08\/5-AMBelangerArbres-de-course-1226x2048.jpg","datePublished":"2024-07-06T15:48:51+00:00","dateModified":"2024-08-25T14:53:19+00:00","breadcrumb":{"@id":"https:\/\/lilasbelanger.com\/?page_id=2#breadcrumb"},"inLanguage":"fr-CA","potentialAction":[{"@type":"ReadAction","target":["https:\/\/lilasbelanger.com\/?page_id=2"]}]},{"@type":"ImageObject","inLanguage":"fr-CA","@id":"https:\/\/lilasbelanger.com\/?page_id=2#primaryimage","url":"http:\/\/lilasbelanger.com\/wp-content\/uploads\/2024\/08\/5-AMBelangerArbres-de-course-scaled.jpg","contentUrl":"http:\/\/lilasbelanger.com\/wp-content\/uploads\/2024\/08\/5-AMBelangerArbres-de-course-scaled.jpg","width":1532,"height":2560},{"@type":"BreadcrumbList","@id":"https:\/\/lilasbelanger.com\/?page_id=2#breadcrumb","itemListElement":[{"@type":"ListItem","position":1,"name":"Accueil","item":"https:\/\/lilasbelanger.com\/"},{"@type":"ListItem","position":2,"name":"Sculptures"}]},{"@type":"WebSite","@id":"https:\/\/lilasbelanger.com\/#website","url":"https:\/\/lilasbelanger.com\/","name":"Lilasbelanger","description":"Arts visuels de la f\u00e9e des sous-bois","potentialAction":[{"@type":"SearchAction","target":{"@type":"EntryPoint","urlTemplate":"https:\/\/lilasbelanger.com\/?s={search_term_string}"},"query-input":"required name=search_term_string"}],"inLanguage":"fr-CA"}]}},"_links":{"self":[{"href":"http:\/\/lilasbelanger.com\/index.php?rest_route=\/wp\/v2\/pages\/2","targetHints":{"allow":["GET"]}}],"collection":[{"href":"http:\/\/lilasbelanger.com\/index.php?rest_route=\/wp\/v2\/pages"}],"about":[{"href":"http:\/\/lilasbelanger.com\/index.php?rest_route=\/wp\/v2\/types\/page"}],"author":[{"embeddable":true,"href":"http:\/\/lilasbelanger.com\/index.php?rest_route=\/wp\/v2\/users\/1"}],"replies":[{"embeddable":true,"href":"http:\/\/lilasbelanger.com\/index.php?rest_route=%2Fwp%2Fv2%2Fcomments&post=2"}],"version-history":[{"count":41,"href":"http:\/\/lilasbelanger.com\/index.php?rest_route=\/wp\/v2\/pages\/2\/revisions"}],"predecessor-version":[{"id":574,"href":"http:\/\/lilasbelanger.com\/index.php?rest_route=\/wp\/v2\/pages\/2\/revisions\/574"}],"wp:attachment":[{"href":"http:\/\/lilasbelanger.com\/index.php?rest_route=%2Fwp%2Fv2%2Fmedia&parent=2"}],"curies":[{"name":"wp","href":"https:\/\/api.w.org\/{rel}","templated":true}]}}