{"id":41,"date":"2024-07-11T19:34:47","date_gmt":"2024-07-11T19:34:47","guid":{"rendered":"https:\/\/lilasbelanger.com\/?page_id=41"},"modified":"2025-04-05T16:46:05","modified_gmt":"2025-04-05T16:46:05","slug":"point-de-capiton","status":"publish","type":"page","link":"http:\/\/lilasbelanger.com\/?page_id=41","title":{"rendered":"Point de capiton"},"content":{"rendered":"<h2>L\u00e0 o\u00f9 tout est li\u00e9&#8230;<\/h2>\n<p>\t\t\t\t\t\t\t\t\t\t\t\t\t\t<a href=\"http:\/\/lilasbelanger.com\/wp-content\/uploads\/2024\/07\/2-Point-de-capiton_angle-2.jpeg\" data-elementor-open-lightbox=\"yes\" data-elementor-lightbox-title=\"2-Point-de-capiton_angle-2\" data-e-action-hash=\"#elementor-action%3Aaction%3Dlightbox%26settings%3DeyJpZCI6MTY4LCJ1cmwiOiJodHRwOlwvXC9saWxhc2JlbGFuZ2VyLmNvbVwvd3AtY29udGVudFwvdXBsb2Fkc1wvMjAyNFwvMDdcLzItUG9pbnQtZGUtY2FwaXRvbl9hbmdsZS0yLmpwZWcifQ%3D%3D\"><br \/>\n\t\t\t\t\t\t\t<img fetchpriority=\"high\" decoding=\"async\" width=\"800\" height=\"991\" src=\"http:\/\/lilasbelanger.com\/wp-content\/uploads\/2024\/07\/2-Point-de-capiton_angle-2-827x1024.jpeg\" alt=\"\" srcset=\"https:\/\/lilasbelanger.com\/wp-content\/uploads\/2024\/07\/2-Point-de-capiton_angle-2-827x1024.jpeg 827w, https:\/\/lilasbelanger.com\/wp-content\/uploads\/2024\/07\/2-Point-de-capiton_angle-2-242x300.jpeg 242w, https:\/\/lilasbelanger.com\/wp-content\/uploads\/2024\/07\/2-Point-de-capiton_angle-2-768x951.jpeg 768w, https:\/\/lilasbelanger.com\/wp-content\/uploads\/2024\/07\/2-Point-de-capiton_angle-2-1241x1536.jpeg 1241w, https:\/\/lilasbelanger.com\/wp-content\/uploads\/2024\/07\/2-Point-de-capiton_angle-2.jpeg 1248w\" sizes=\"(max-width: 800px) 100vw, 800px\" \/>\t\t\t\t\t\t\t\t<\/a><\/p>\n<p><i>Point de capiton<\/i><\/p>\n<p><i>L\u00e0 o\u00f9 tout est li\u00e9<\/i><\/p>\n<p>Pour \u00eatre bien partout, j\u2019ai besoin d\u2019aller souvent visiter mon espace s\u00e9curitaire par excellence, mon sanctuaire; la for\u00eat. C\u2019est l\u00e0 que je r\u00e9ussis \u00e0 transformer mes angoisses en jeu, mes craintes en enchantement: j\u2019y dompte mes peurs enfantines, les monstres des ombres, les sons incongrus, les ambiances insolites.&nbsp; Les arbres m\u2019apprennent le sens de la communaut\u00e9; l\u2019immensit\u00e9 m\u2019apaise. Je rapporte du r\u00e9confort de mes s\u00e9jours sylvestre dans le confort de ma maison, qui, sans ces exp\u00e9riences de prise de pouvoir resterait un espace inhabit\u00e9.<\/p>\n<p>Car l\u2019habitat, ce n\u2019est pas le lieu, c\u2019est le lien.&nbsp;<\/p>\n<p><\/p>\n<\/p>\n<p><i>Anchor Points<\/i><\/p>\n<p><i> Where Everything Connects<\/i><\/p>\n<p>To feel comfortable everywhere, I need to frequently visit my ultimate safe space, my sanctuary: the forest. It&rsquo;s there that I manage to transform my anxieties into play, my fears into enchantment: Anchor Points: Where Everything Connects tame my childhood fears, the shadow monsters, the incongruous sounds, the unusual atmospheres. The trees teach me the meaning of community; the vastness calms me. I bring comfort from my woodland retreats into the comfort of my home, which, without these empowering experiences, would remain an uninhabited space.<\/p>\n<p>Because inhabiting is not about the place, it&rsquo;s about the connection.<\/p>\n<\/p>\n<figure>\n\t\t\t\t\t\t\t\t\t\t\t<a href=\"https:\/\/lilasbelanger.com\/wp-content\/uploads\/2024\/07\/Print-8-scaled.jpg\" data-elementor-open-lightbox=\"yes\" data-elementor-lightbox-title=\"Print-8\" data-e-action-hash=\"#elementor-action%3Aaction%3Dlightbox%26settings%3DeyJpZCI6MTgzLCJ1cmwiOiJodHRwOlwvXC9saWxhc2JlbGFuZ2VyLmNvbVwvd3AtY29udGVudFwvdXBsb2Fkc1wvMjAyNFwvMDdcL1ByaW50LTgtc2NhbGVkLmpwZyJ9\"><br \/>\n\t\t\t\t\t\t\t<img decoding=\"async\" width=\"800\" height=\"800\" src=\"http:\/\/lilasbelanger.com\/wp-content\/uploads\/2024\/07\/Print-8-1024x1024.jpg\" alt=\"\" srcset=\"https:\/\/lilasbelanger.com\/wp-content\/uploads\/2024\/07\/Print-8-1024x1024.jpg 1024w, https:\/\/lilasbelanger.com\/wp-content\/uploads\/2024\/07\/Print-8-300x300.jpg 300w, https:\/\/lilasbelanger.com\/wp-content\/uploads\/2024\/07\/Print-8-150x150.jpg 150w, https:\/\/lilasbelanger.com\/wp-content\/uploads\/2024\/07\/Print-8-768x768.jpg 768w, https:\/\/lilasbelanger.com\/wp-content\/uploads\/2024\/07\/Print-8-1536x1536.jpg 1536w, https:\/\/lilasbelanger.com\/wp-content\/uploads\/2024\/07\/Print-8-2048x2048.jpg 2048w\" sizes=\"(max-width: 800px) 100vw, 800px\" \/>\t\t\t\t\t\t\t\t<\/a><figcaption>Gentil monstre des for\u00eats 2     &#8211; Acrylique sur panneau de bois\/ acrylic on board \u00f8 24\u2019\u2019<\/figcaption><\/figure>\n<figure>\n\t\t\t\t\t\t\t\t\t\t\t<a href=\"https:\/\/lilasbelanger.com\/wp-content\/uploads\/2024\/07\/Web-6-2.jpg\" data-elementor-open-lightbox=\"yes\" data-elementor-lightbox-title=\"Web-6-2\" data-e-action-hash=\"#elementor-action%3Aaction%3Dlightbox%26settings%3DeyJpZCI6MTgwLCJ1cmwiOiJodHRwOlwvXC9saWxhc2JlbGFuZ2VyLmNvbVwvd3AtY29udGVudFwvdXBsb2Fkc1wvMjAyNFwvMDdcL1dlYi02LTIuanBnIn0%3D\"><br \/>\n\t\t\t\t\t\t\t<img decoding=\"async\" width=\"800\" height=\"800\" src=\"http:\/\/lilasbelanger.com\/wp-content\/uploads\/2024\/07\/Web-6-2-1024x1024.jpg\" alt=\"\" srcset=\"https:\/\/lilasbelanger.com\/wp-content\/uploads\/2024\/07\/Web-6-2-1024x1024.jpg 1024w, https:\/\/lilasbelanger.com\/wp-content\/uploads\/2024\/07\/Web-6-2-300x300.jpg 300w, https:\/\/lilasbelanger.com\/wp-content\/uploads\/2024\/07\/Web-6-2-150x150.jpg 150w, https:\/\/lilasbelanger.com\/wp-content\/uploads\/2024\/07\/Web-6-2-768x768.jpg 768w, https:\/\/lilasbelanger.com\/wp-content\/uploads\/2024\/07\/Web-6-2-1536x1536.jpg 1536w, https:\/\/lilasbelanger.com\/wp-content\/uploads\/2024\/07\/Web-6-2.jpg 2000w\" sizes=\"(max-width: 800px) 100vw, 800px\" \/>\t\t\t\t\t\t\t\t<\/a><figcaption>Gentil monstre des for\u00eats 1     &#8211; Acrylique sur panneau de bois\/ acrylic on board \u00f8 24\u2019\u2019<\/figcaption><\/figure>\n<figure>\n\t\t\t\t\t\t\t\t\t\t\t<a href=\"https:\/\/lilasbelanger.com\/wp-content\/uploads\/2024\/07\/Web-1-1.jpg\" data-elementor-open-lightbox=\"yes\" data-elementor-lightbox-title=\"Web-1-1\" data-e-action-hash=\"#elementor-action%3Aaction%3Dlightbox%26settings%3DeyJpZCI6MTgyLCJ1cmwiOiJodHRwOlwvXC9saWxhc2JlbGFuZ2VyLmNvbVwvd3AtY29udGVudFwvdXBsb2Fkc1wvMjAyNFwvMDdcL1dlYi0xLTEuanBnIn0%3D\"><br \/>\n\t\t\t\t\t\t\t<img loading=\"lazy\" decoding=\"async\" width=\"800\" height=\"800\" src=\"http:\/\/lilasbelanger.com\/wp-content\/uploads\/2024\/07\/Web-1-1-1024x1024.jpg\" alt=\"\" srcset=\"https:\/\/lilasbelanger.com\/wp-content\/uploads\/2024\/07\/Web-1-1-1024x1024.jpg 1024w, https:\/\/lilasbelanger.com\/wp-content\/uploads\/2024\/07\/Web-1-1-300x300.jpg 300w, https:\/\/lilasbelanger.com\/wp-content\/uploads\/2024\/07\/Web-1-1-150x150.jpg 150w, https:\/\/lilasbelanger.com\/wp-content\/uploads\/2024\/07\/Web-1-1-768x768.jpg 768w, https:\/\/lilasbelanger.com\/wp-content\/uploads\/2024\/07\/Web-1-1-1536x1536.jpg 1536w, https:\/\/lilasbelanger.com\/wp-content\/uploads\/2024\/07\/Web-1-1.jpg 2000w\" sizes=\"(max-width: 800px) 100vw, 800px\" \/>\t\t\t\t\t\t\t\t<\/a><figcaption>Plante carnivore? Acrylique sur panneau de bois- acrylic on board \u00f8 24\u2019\u2019<\/figcaption><\/figure>\n<figure>\n\t\t\t\t\t\t\t\t\t\t\t<a href=\"https:\/\/lilasbelanger.com\/wp-content\/uploads\/2024\/07\/Print-7-scaled.jpg\" data-elementor-open-lightbox=\"yes\" data-elementor-lightbox-title=\"Print-7\" data-e-action-hash=\"#elementor-action%3Aaction%3Dlightbox%26settings%3DeyJpZCI6MTg3LCJ1cmwiOiJodHRwOlwvXC9saWxhc2JlbGFuZ2VyLmNvbVwvd3AtY29udGVudFwvdXBsb2Fkc1wvMjAyNFwvMDdcL1ByaW50LTctc2NhbGVkLmpwZyJ9\"><br \/>\n\t\t\t\t\t\t\t<img loading=\"lazy\" decoding=\"async\" width=\"800\" height=\"800\" src=\"http:\/\/lilasbelanger.com\/wp-content\/uploads\/2024\/07\/Print-7-1024x1024.jpg\" alt=\"\" srcset=\"https:\/\/lilasbelanger.com\/wp-content\/uploads\/2024\/07\/Print-7-1024x1024.jpg 1024w, https:\/\/lilasbelanger.com\/wp-content\/uploads\/2024\/07\/Print-7-300x300.jpg 300w, https:\/\/lilasbelanger.com\/wp-content\/uploads\/2024\/07\/Print-7-150x150.jpg 150w, https:\/\/lilasbelanger.com\/wp-content\/uploads\/2024\/07\/Print-7-768x768.jpg 768w, https:\/\/lilasbelanger.com\/wp-content\/uploads\/2024\/07\/Print-7-1536x1536.jpg 1536w, https:\/\/lilasbelanger.com\/wp-content\/uploads\/2024\/07\/Print-7-2048x2048.jpg 2048w\" sizes=\"(max-width: 800px) 100vw, 800px\" \/>\t\t\t\t\t\t\t\t<\/a><figcaption>For\u00eat de luxe- Acrylique sur panneau de bois\/ acrylic on board \u00f8 24\u2019\u2019<\/figcaption><\/figure>\n<figure>\n\t\t\t\t\t\t\t\t\t\t\t<a href=\"https:\/\/lilasbelanger.com\/wp-content\/uploads\/2024\/07\/Web-2.jpg\" data-elementor-open-lightbox=\"yes\" data-elementor-lightbox-title=\"Web-2\" data-e-action-hash=\"#elementor-action%3Aaction%3Dlightbox%26settings%3DeyJpZCI6MTg1LCJ1cmwiOiJodHRwOlwvXC9saWxhc2JlbGFuZ2VyLmNvbVwvd3AtY29udGVudFwvdXBsb2Fkc1wvMjAyNFwvMDdcL1dlYi0yLmpwZyJ9\"><br \/>\n\t\t\t\t\t\t\t<img loading=\"lazy\" decoding=\"async\" width=\"800\" height=\"800\" src=\"http:\/\/lilasbelanger.com\/wp-content\/uploads\/2024\/07\/Web-2-1024x1024.jpg\" alt=\"\" srcset=\"https:\/\/lilasbelanger.com\/wp-content\/uploads\/2024\/07\/Web-2-1024x1024.jpg 1024w, https:\/\/lilasbelanger.com\/wp-content\/uploads\/2024\/07\/Web-2-300x300.jpg 300w, https:\/\/lilasbelanger.com\/wp-content\/uploads\/2024\/07\/Web-2-150x150.jpg 150w, https:\/\/lilasbelanger.com\/wp-content\/uploads\/2024\/07\/Web-2-768x768.jpg 768w, https:\/\/lilasbelanger.com\/wp-content\/uploads\/2024\/07\/Web-2-1536x1536.jpg 1536w, https:\/\/lilasbelanger.com\/wp-content\/uploads\/2024\/07\/Web-2.jpg 2000w\" sizes=\"(max-width: 800px) 100vw, 800px\" \/>\t\t\t\t\t\t\t\t<\/a><figcaption>Archives naturelles- Acrylique sur panneau de bois\/ acrylic on board \u00f8 24\u2019\u2019<\/figcaption><\/figure>\n<figure>\n\t\t\t\t\t\t\t\t\t\t\t<a href=\"https:\/\/lilasbelanger.com\/wp-content\/uploads\/2024\/07\/Web-5.jpg\" data-elementor-open-lightbox=\"yes\" data-elementor-lightbox-title=\"Web-5\" data-e-action-hash=\"#elementor-action%3Aaction%3Dlightbox%26settings%3DeyJpZCI6MTg0LCJ1cmwiOiJodHRwOlwvXC9saWxhc2JlbGFuZ2VyLmNvbVwvd3AtY29udGVudFwvdXBsb2Fkc1wvMjAyNFwvMDdcL1dlYi01LmpwZyJ9\"><br \/>\n\t\t\t\t\t\t\t<img loading=\"lazy\" decoding=\"async\" width=\"800\" height=\"800\" src=\"http:\/\/lilasbelanger.com\/wp-content\/uploads\/2024\/07\/Web-5-1024x1024.jpg\" alt=\"\" srcset=\"https:\/\/lilasbelanger.com\/wp-content\/uploads\/2024\/07\/Web-5-1024x1024.jpg 1024w, https:\/\/lilasbelanger.com\/wp-content\/uploads\/2024\/07\/Web-5-300x300.jpg 300w, https:\/\/lilasbelanger.com\/wp-content\/uploads\/2024\/07\/Web-5-150x150.jpg 150w, https:\/\/lilasbelanger.com\/wp-content\/uploads\/2024\/07\/Web-5-768x768.jpg 768w, https:\/\/lilasbelanger.com\/wp-content\/uploads\/2024\/07\/Web-5-1536x1536.jpg 1536w, https:\/\/lilasbelanger.com\/wp-content\/uploads\/2024\/07\/Web-5.jpg 2000w\" sizes=\"(max-width: 800px) 100vw, 800px\" \/>\t\t\t\t\t\t\t\t<\/a><figcaption>Bulles et secrets- Acrylique sur panneau de bois\/ acrylic on board \u00f8 24\u2019\u2019<\/figcaption><\/figure>\n<figure>\n\t\t\t\t\t\t\t\t\t\t\t<a href=\"https:\/\/lilasbelanger.com\/wp-content\/uploads\/2024\/07\/Print-9-1-scaled.jpg\" data-elementor-open-lightbox=\"yes\" data-elementor-lightbox-title=\"Print-9-1\" data-e-action-hash=\"#elementor-action%3Aaction%3Dlightbox%26settings%3DeyJpZCI6MTg2LCJ1cmwiOiJodHRwOlwvXC9saWxhc2JlbGFuZ2VyLmNvbVwvd3AtY29udGVudFwvdXBsb2Fkc1wvMjAyNFwvMDdcL1ByaW50LTktMS1zY2FsZWQuanBnIn0%3D\"><br \/>\n\t\t\t\t\t\t\t<img loading=\"lazy\" decoding=\"async\" width=\"800\" height=\"800\" src=\"http:\/\/lilasbelanger.com\/wp-content\/uploads\/2024\/07\/Print-9-1-1024x1024.jpg\" alt=\"\" srcset=\"https:\/\/lilasbelanger.com\/wp-content\/uploads\/2024\/07\/Print-9-1-1024x1024.jpg 1024w, https:\/\/lilasbelanger.com\/wp-content\/uploads\/2024\/07\/Print-9-1-300x300.jpg 300w, https:\/\/lilasbelanger.com\/wp-content\/uploads\/2024\/07\/Print-9-1-150x150.jpg 150w, https:\/\/lilasbelanger.com\/wp-content\/uploads\/2024\/07\/Print-9-1-768x768.jpg 768w, https:\/\/lilasbelanger.com\/wp-content\/uploads\/2024\/07\/Print-9-1-1536x1536.jpg 1536w, https:\/\/lilasbelanger.com\/wp-content\/uploads\/2024\/07\/Print-9-1-2048x2048.jpg 2048w\" sizes=\"(max-width: 800px) 100vw, 800px\" \/>\t\t\t\t\t\t\t\t<\/a><figcaption>Fiesta hollandaise- Acrylique sur panneau de bois\/ acrylic on board \u00f8 24\u2019\u2019<\/figcaption><\/figure>\n<figure>\n\t\t\t\t\t\t\t\t\t\t\t<a href=\"http:\/\/lilasbelanger.com\/wp-content\/uploads\/2024\/08\/Capiton_bille-1-scaled.jpg\" data-elementor-open-lightbox=\"yes\" data-elementor-lightbox-title=\"Capiton_bille\" data-e-action-hash=\"#elementor-action%3Aaction%3Dlightbox%26settings%3DeyJpZCI6MjA1LCJ1cmwiOiJodHRwOlwvXC9saWxhc2JlbGFuZ2VyLmNvbVwvd3AtY29udGVudFwvdXBsb2Fkc1wvMjAyNFwvMDhcL0NhcGl0b25fYmlsbGUtMS1zY2FsZWQuanBnIn0%3D\"><br \/>\n\t\t\t\t\t\t\t<img loading=\"lazy\" decoding=\"async\" width=\"800\" height=\"790\" src=\"http:\/\/lilasbelanger.com\/wp-content\/uploads\/2024\/08\/Capiton_bille-1-1024x1011.jpg\" alt=\"\" srcset=\"https:\/\/lilasbelanger.com\/wp-content\/uploads\/2024\/08\/Capiton_bille-1-1024x1011.jpg 1024w, https:\/\/lilasbelanger.com\/wp-content\/uploads\/2024\/08\/Capiton_bille-1-300x296.jpg 300w, https:\/\/lilasbelanger.com\/wp-content\/uploads\/2024\/08\/Capiton_bille-1-768x758.jpg 768w, https:\/\/lilasbelanger.com\/wp-content\/uploads\/2024\/08\/Capiton_bille-1-1536x1517.jpg 1536w, https:\/\/lilasbelanger.com\/wp-content\/uploads\/2024\/08\/Capiton_bille-1-2048x2023.jpg 2048w\" sizes=\"(max-width: 800px) 100vw, 800px\" \/>\t\t\t\t\t\t\t\t<\/a><figcaption>Bille- Acrylique sur panneau de bois\/ acrylic on board \u00f8 24\u2019\u2019<\/figcaption><\/figure>\n<figure>\n\t\t\t\t\t\t\t\t\t\t\t<a href=\"https:\/\/lilasbelanger.com\/wp-content\/uploads\/2024\/07\/capiton-sofa-scaled.jpg\" data-elementor-open-lightbox=\"yes\" data-elementor-lightbox-title=\"capiton-sofa\" data-e-action-hash=\"#elementor-action%3Aaction%3Dlightbox%26settings%3DeyJpZCI6MTk3LCJ1cmwiOiJodHRwOlwvXC9saWxhc2JlbGFuZ2VyLmNvbVwvd3AtY29udGVudFwvdXBsb2Fkc1wvMjAyNFwvMDdcL2NhcGl0b24tc29mYS1zY2FsZWQuanBnIn0%3D\"><br \/>\n\t\t\t\t\t\t\t<img loading=\"lazy\" decoding=\"async\" width=\"800\" height=\"827\" src=\"http:\/\/lilasbelanger.com\/wp-content\/uploads\/2024\/07\/capiton-sofa-991x1024.jpg\" alt=\"\" srcset=\"https:\/\/lilasbelanger.com\/wp-content\/uploads\/2024\/07\/capiton-sofa-991x1024.jpg 991w, https:\/\/lilasbelanger.com\/wp-content\/uploads\/2024\/07\/capiton-sofa-290x300.jpg 290w, https:\/\/lilasbelanger.com\/wp-content\/uploads\/2024\/07\/capiton-sofa-768x794.jpg 768w, https:\/\/lilasbelanger.com\/wp-content\/uploads\/2024\/07\/capiton-sofa-1487x1536.jpg 1487w, https:\/\/lilasbelanger.com\/wp-content\/uploads\/2024\/07\/capiton-sofa-1982x2048.jpg 1982w\" sizes=\"(max-width: 800px) 100vw, 800px\" \/>\t\t\t\t\t\t\t\t<\/a><figcaption>Capiton_confort-Acrylique sur panneau de bois\/acrylic on board \u00f8 24\u2019\u2019<\/figcaption><\/figure>\n<figure>\n\t\t\t\t\t\t\t\t\t\t<img loading=\"lazy\" decoding=\"async\" width=\"800\" height=\"819\" src=\"http:\/\/lilasbelanger.com\/wp-content\/uploads\/2025\/04\/clairiere-1000x1024.jpg\" alt=\"\" srcset=\"https:\/\/lilasbelanger.com\/wp-content\/uploads\/2025\/04\/clairiere-1000x1024.jpg 1000w, https:\/\/lilasbelanger.com\/wp-content\/uploads\/2025\/04\/clairiere-293x300.jpg 293w, https:\/\/lilasbelanger.com\/wp-content\/uploads\/2025\/04\/clairiere-768x787.jpg 768w, https:\/\/lilasbelanger.com\/wp-content\/uploads\/2025\/04\/clairiere-1499x1536.jpg 1499w, https:\/\/lilasbelanger.com\/wp-content\/uploads\/2025\/04\/clairiere-1999x2048.jpg 1999w\" sizes=\"(max-width: 800px) 100vw, 800px\" \/><figcaption>Clairi\u00e8re, acrylique, pompons et tissu rembourr\u00e9 sur panneau de bois, \u2300 48 po<\/figcaption><\/figure>\n","protected":false},"excerpt":{"rendered":"<p>L\u00e0 o\u00f9 tout est li\u00e9&#8230; Point de capiton L\u00e0 o\u00f9 tout est li\u00e9 Pour \u00eatre bien partout, j\u2019ai besoin d\u2019aller souvent visiter mon espace s\u00e9curitaire par excellence, mon sanctuaire; la for\u00eat. C\u2019est l\u00e0 que je r\u00e9ussis \u00e0 transformer mes angoisses en jeu, mes craintes en enchantement: j\u2019y dompte mes peurs enfantines, les monstres des ombres, [&hellip;]<\/p>\n","protected":false},"author":1,"featured_media":0,"parent":0,"menu_order":0,"comment_status":"closed","ping_status":"closed","template":"","meta":{"footnotes":""},"class_list":["post-41","page","type-page","status-publish","hentry"],"yoast_head":"<!-- This site is optimized with the Yoast SEO plugin v23.0 - https:\/\/yoast.com\/wordpress\/plugins\/seo\/ -->\n<title>Point de capiton - Lilasbelanger<\/title>\n<meta name=\"robots\" content=\"index, follow, max-snippet:-1, max-image-preview:large, max-video-preview:-1\" \/>\n<link rel=\"canonical\" href=\"https:\/\/lilasbelanger.com\/?page_id=41\" \/>\n<meta property=\"og:locale\" content=\"fr_CA\" \/>\n<meta property=\"og:type\" content=\"article\" \/>\n<meta property=\"og:title\" content=\"Point de capiton - Lilasbelanger\" \/>\n<meta property=\"og:description\" content=\"L\u00e0 o\u00f9 tout est li\u00e9&#8230; Point de capiton L\u00e0 o\u00f9 tout est li\u00e9 Pour \u00eatre bien partout, j\u2019ai besoin d\u2019aller souvent visiter mon espace s\u00e9curitaire par excellence, mon sanctuaire; la for\u00eat. C\u2019est l\u00e0 que je r\u00e9ussis \u00e0 transformer mes angoisses en jeu, mes craintes en enchantement: j\u2019y dompte mes peurs enfantines, les monstres des ombres, [&hellip;]\" \/>\n<meta property=\"og:url\" content=\"https:\/\/lilasbelanger.com\/?page_id=41\" \/>\n<meta property=\"og:site_name\" content=\"Lilasbelanger\" \/>\n<meta property=\"article:modified_time\" content=\"2025-04-05T16:46:05+00:00\" \/>\n<meta property=\"og:image\" content=\"http:\/\/lilasbelanger.com\/wp-content\/uploads\/2024\/07\/2-Point-de-capiton_angle-2-827x1024.jpeg\" \/>\n<meta name=\"twitter:card\" content=\"summary_large_image\" \/>\n<meta name=\"twitter:label1\" content=\"Estimation du temps de lecture\" \/>\n\t<meta name=\"twitter:data1\" content=\"4 minutes\" \/>\n<script type=\"application\/ld+json\" class=\"yoast-schema-graph\">{\"@context\":\"https:\/\/schema.org\",\"@graph\":[{\"@type\":\"WebPage\",\"@id\":\"https:\/\/lilasbelanger.com\/?page_id=41\",\"url\":\"https:\/\/lilasbelanger.com\/?page_id=41\",\"name\":\"Point de capiton - Lilasbelanger\",\"isPartOf\":{\"@id\":\"https:\/\/lilasbelanger.com\/#website\"},\"primaryImageOfPage\":{\"@id\":\"https:\/\/lilasbelanger.com\/?page_id=41#primaryimage\"},\"image\":{\"@id\":\"https:\/\/lilasbelanger.com\/?page_id=41#primaryimage\"},\"thumbnailUrl\":\"http:\/\/lilasbelanger.com\/wp-content\/uploads\/2024\/07\/2-Point-de-capiton_angle-2-827x1024.jpeg\",\"datePublished\":\"2024-07-11T19:34:47+00:00\",\"dateModified\":\"2025-04-05T16:46:05+00:00\",\"breadcrumb\":{\"@id\":\"https:\/\/lilasbelanger.com\/?page_id=41#breadcrumb\"},\"inLanguage\":\"fr-CA\",\"potentialAction\":[{\"@type\":\"ReadAction\",\"target\":[\"https:\/\/lilasbelanger.com\/?page_id=41\"]}]},{\"@type\":\"ImageObject\",\"inLanguage\":\"fr-CA\",\"@id\":\"https:\/\/lilasbelanger.com\/?page_id=41#primaryimage\",\"url\":\"http:\/\/lilasbelanger.com\/wp-content\/uploads\/2024\/07\/2-Point-de-capiton_angle-2-827x1024.jpeg\",\"contentUrl\":\"http:\/\/lilasbelanger.com\/wp-content\/uploads\/2024\/07\/2-Point-de-capiton_angle-2-827x1024.jpeg\"},{\"@type\":\"BreadcrumbList\",\"@id\":\"https:\/\/lilasbelanger.com\/?page_id=41#breadcrumb\",\"itemListElement\":[{\"@type\":\"ListItem\",\"position\":1,\"name\":\"Accueil\",\"item\":\"https:\/\/lilasbelanger.com\/\"},{\"@type\":\"ListItem\",\"position\":2,\"name\":\"Point de capiton\"}]},{\"@type\":\"WebSite\",\"@id\":\"https:\/\/lilasbelanger.com\/#website\",\"url\":\"https:\/\/lilasbelanger.com\/\",\"name\":\"Lilasbelanger\",\"description\":\"Arts visuels de la f\u00e9e des sous-bois\",\"potentialAction\":[{\"@type\":\"SearchAction\",\"target\":{\"@type\":\"EntryPoint\",\"urlTemplate\":\"https:\/\/lilasbelanger.com\/?s={search_term_string}\"},\"query-input\":\"required name=search_term_string\"}],\"inLanguage\":\"fr-CA\"}]}<\/script>\n<!-- \/ Yoast SEO plugin. -->","yoast_head_json":{"title":"Point de capiton - Lilasbelanger","robots":{"index":"index","follow":"follow","max-snippet":"max-snippet:-1","max-image-preview":"max-image-preview:large","max-video-preview":"max-video-preview:-1"},"canonical":"https:\/\/lilasbelanger.com\/?page_id=41","og_locale":"fr_CA","og_type":"article","og_title":"Point de capiton - Lilasbelanger","og_description":"L\u00e0 o\u00f9 tout est li\u00e9&#8230; Point de capiton L\u00e0 o\u00f9 tout est li\u00e9 Pour \u00eatre bien partout, j\u2019ai besoin d\u2019aller souvent visiter mon espace s\u00e9curitaire par excellence, mon sanctuaire; la for\u00eat. C\u2019est l\u00e0 que je r\u00e9ussis \u00e0 transformer mes angoisses en jeu, mes craintes en enchantement: j\u2019y dompte mes peurs enfantines, les monstres des ombres, [&hellip;]","og_url":"https:\/\/lilasbelanger.com\/?page_id=41","og_site_name":"Lilasbelanger","article_modified_time":"2025-04-05T16:46:05+00:00","og_image":[{"url":"http:\/\/lilasbelanger.com\/wp-content\/uploads\/2024\/07\/2-Point-de-capiton_angle-2-827x1024.jpeg"}],"twitter_card":"summary_large_image","twitter_misc":{"Estimation du temps de lecture":"4 minutes"},"schema":{"@context":"https:\/\/schema.org","@graph":[{"@type":"WebPage","@id":"https:\/\/lilasbelanger.com\/?page_id=41","url":"https:\/\/lilasbelanger.com\/?page_id=41","name":"Point de capiton - Lilasbelanger","isPartOf":{"@id":"https:\/\/lilasbelanger.com\/#website"},"primaryImageOfPage":{"@id":"https:\/\/lilasbelanger.com\/?page_id=41#primaryimage"},"image":{"@id":"https:\/\/lilasbelanger.com\/?page_id=41#primaryimage"},"thumbnailUrl":"http:\/\/lilasbelanger.com\/wp-content\/uploads\/2024\/07\/2-Point-de-capiton_angle-2-827x1024.jpeg","datePublished":"2024-07-11T19:34:47+00:00","dateModified":"2025-04-05T16:46:05+00:00","breadcrumb":{"@id":"https:\/\/lilasbelanger.com\/?page_id=41#breadcrumb"},"inLanguage":"fr-CA","potentialAction":[{"@type":"ReadAction","target":["https:\/\/lilasbelanger.com\/?page_id=41"]}]},{"@type":"ImageObject","inLanguage":"fr-CA","@id":"https:\/\/lilasbelanger.com\/?page_id=41#primaryimage","url":"http:\/\/lilasbelanger.com\/wp-content\/uploads\/2024\/07\/2-Point-de-capiton_angle-2-827x1024.jpeg","contentUrl":"http:\/\/lilasbelanger.com\/wp-content\/uploads\/2024\/07\/2-Point-de-capiton_angle-2-827x1024.jpeg"},{"@type":"BreadcrumbList","@id":"https:\/\/lilasbelanger.com\/?page_id=41#breadcrumb","itemListElement":[{"@type":"ListItem","position":1,"name":"Accueil","item":"https:\/\/lilasbelanger.com\/"},{"@type":"ListItem","position":2,"name":"Point de capiton"}]},{"@type":"WebSite","@id":"https:\/\/lilasbelanger.com\/#website","url":"https:\/\/lilasbelanger.com\/","name":"Lilasbelanger","description":"Arts visuels de la f\u00e9e des sous-bois","potentialAction":[{"@type":"SearchAction","target":{"@type":"EntryPoint","urlTemplate":"https:\/\/lilasbelanger.com\/?s={search_term_string}"},"query-input":"required name=search_term_string"}],"inLanguage":"fr-CA"}]}},"_links":{"self":[{"href":"http:\/\/lilasbelanger.com\/index.php?rest_route=\/wp\/v2\/pages\/41","targetHints":{"allow":["GET"]}}],"collection":[{"href":"http:\/\/lilasbelanger.com\/index.php?rest_route=\/wp\/v2\/pages"}],"about":[{"href":"http:\/\/lilasbelanger.com\/index.php?rest_route=\/wp\/v2\/types\/page"}],"author":[{"embeddable":true,"href":"http:\/\/lilasbelanger.com\/index.php?rest_route=\/wp\/v2\/users\/1"}],"replies":[{"embeddable":true,"href":"http:\/\/lilasbelanger.com\/index.php?rest_route=%2Fwp%2Fv2%2Fcomments&post=41"}],"version-history":[{"count":22,"href":"http:\/\/lilasbelanger.com\/index.php?rest_route=\/wp\/v2\/pages\/41\/revisions"}],"predecessor-version":[{"id":618,"href":"http:\/\/lilasbelanger.com\/index.php?rest_route=\/wp\/v2\/pages\/41\/revisions\/618"}],"wp:attachment":[{"href":"http:\/\/lilasbelanger.com\/index.php?rest_route=%2Fwp%2Fv2%2Fmedia&parent=41"}],"curies":[{"name":"wp","href":"https:\/\/api.w.org\/{rel}","templated":true}]}}