{"id":619,"date":"2025-04-05T17:15:11","date_gmt":"2025-04-05T17:15:11","guid":{"rendered":"https:\/\/lilasbelanger.com\/?page_id=619"},"modified":"2026-03-24T00:33:49","modified_gmt":"2026-03-24T00:33:49","slug":"sous-bois-monstres-et-merveilles-woodland-creatures-and-wonders","status":"publish","type":"page","link":"http:\/\/lilasbelanger.com\/?page_id=619","title":{"rendered":"Sous-bois: Monstres et Merveilles\/                Woodland: Creatures and Wonders"},"content":{"rendered":"\t\t<div data-elementor-type=\"wp-page\" data-elementor-id=\"619\" class=\"elementor elementor-619\">\n\t\t\t\t<div class=\"elementor-element elementor-element-84a40d9 e-flex e-con-boxed e-con e-parent\" data-id=\"84a40d9\" data-element_type=\"container\">\n\t\t\t\t\t<div class=\"e-con-inner\">\n\t\t\t\t<div class=\"elementor-element elementor-element-b45c851 elementor-widget elementor-widget-text-editor\" data-id=\"b45c851\" data-element_type=\"widget\" data-widget_type=\"text-editor.default\">\n\t\t\t\t<div class=\"elementor-widget-container\">\n\t\t\t<style>\/*! elementor - v3.22.0 - 26-06-2024 *\/\n.elementor-widget-text-editor.elementor-drop-cap-view-stacked .elementor-drop-cap{background-color:#69727d;color:#fff}.elementor-widget-text-editor.elementor-drop-cap-view-framed .elementor-drop-cap{color:#69727d;border:3px solid;background-color:transparent}.elementor-widget-text-editor:not(.elementor-drop-cap-view-default) .elementor-drop-cap{margin-top:8px}.elementor-widget-text-editor:not(.elementor-drop-cap-view-default) .elementor-drop-cap-letter{width:1em;height:1em}.elementor-widget-text-editor .elementor-drop-cap{float:left;text-align:center;line-height:1;font-size:50px}.elementor-widget-text-editor .elementor-drop-cap-letter{display:inline-block}<\/style>\t\t\t\t<p>Pour pouvoir bien vivre partout, j\u2019ai besoin de trimbaler une for\u00eat dans ma t\u00eate. <span class=\"s1\">La for\u00eat est mon sanctuaire, mon espace s\u00e9curitaire. Elle est le lieu o\u00f9 je surmonte mes angoisses, o\u00f9 l\u2019inconnu devient enchantement, o\u00f9 la d\u00e9mesure apaise . J\u2019y dompte mes peurs enfantines; des monstres de la p\u00e9nombre, des sons incongrus, des ambiances insolites. Dans le sous-bois, les ombres prennent forme, les sons s\u2019\u00e9tirent et le regard passe de la crainte, \u00e0 la fascination, \u00e0 l\u2019amusement.<\/span><\/p>\n<p class=\"p1\">To live well anywhere, I need to carry a forest in my mind.<br \/>The forest is my sanctuary, my safe space.<span class=\"Apple-converted-space\">\u00a0 <\/span>It\u2019s where I overcome my anxieties, where the unknown turns into enchantment, where vastness brings calm.<br \/>It\u2019s where I tame my childhood fears: the monsters in the dark, the strange sounds, the uncanny atmospheres.<br \/>In the woodland undergrowth, shadows take shape, sounds stretch and warp, and my gaze shifts\u2014from fear, to fascination, to amusement.<\/p>\n<blockquote data-start=\"779\" data-end=\"1252\">\n<p class=\"\" data-start=\"781\" data-end=\"1252\">\u00a0<\/p>\n<\/blockquote>\t\t\t\t\t\t<\/div>\n\t\t\t\t<\/div>\n\t\t\t\t\t<\/div>\n\t\t\t\t<\/div>\n\t\t<div class=\"elementor-element elementor-element-09404e2 e-flex e-con-boxed e-con e-parent\" data-id=\"09404e2\" data-element_type=\"container\">\n\t\t\t\t\t<div class=\"e-con-inner\">\n\t\t\t\t<div class=\"elementor-element elementor-element-4abb570 elementor-widget elementor-widget-image\" data-id=\"4abb570\" data-element_type=\"widget\" data-widget_type=\"image.default\">\n\t\t\t\t<div class=\"elementor-widget-container\">\n\t\t\t<style>\/*! elementor - v3.22.0 - 26-06-2024 *\/\n.elementor-widget-image{text-align:center}.elementor-widget-image a{display:inline-block}.elementor-widget-image a img[src$=\".svg\"]{width:48px}.elementor-widget-image img{vertical-align:middle;display:inline-block}<\/style>\t\t\t\t\t\t\t<figure class=\"wp-caption\">\n\t\t\t\t\t\t\t\t\t\t<img fetchpriority=\"high\" decoding=\"async\" width=\"768\" height=\"756\" src=\"http:\/\/lilasbelanger.com\/wp-content\/uploads\/2026\/03\/Monstre-racine-768x756.jpeg\" class=\"attachment-medium_large size-medium_large wp-image-721\" alt=\"\" srcset=\"http:\/\/lilasbelanger.com\/wp-content\/uploads\/2026\/03\/Monstre-racine-768x756.jpeg 768w, http:\/\/lilasbelanger.com\/wp-content\/uploads\/2026\/03\/Monstre-racine-300x295.jpeg 300w, http:\/\/lilasbelanger.com\/wp-content\/uploads\/2026\/03\/Monstre-racine-1024x1008.jpeg 1024w, http:\/\/lilasbelanger.com\/wp-content\/uploads\/2026\/03\/Monstre-racine-1536x1511.jpeg 1536w, http:\/\/lilasbelanger.com\/wp-content\/uploads\/2026\/03\/Monstre-racine.jpeg 2000w\" sizes=\"(max-width: 768px) 100vw, 768px\" \/>\t\t\t\t\t\t\t\t\t\t\t<figcaption class=\"widget-image-caption wp-caption-text\">Monstre-racine, acrylique sur panneau de bois et tourbe, 14x14<\/figcaption>\n\t\t\t\t\t\t\t\t\t\t<\/figure>\n\t\t\t\t\t\t\t<\/div>\n\t\t\t\t<\/div>\n\t\t\t\t\t<\/div>\n\t\t\t\t<\/div>\n\t\t<div class=\"elementor-element elementor-element-9b5c1ea e-grid e-con-boxed e-con e-parent\" data-id=\"9b5c1ea\" data-element_type=\"container\">\n\t\t\t\t\t<div class=\"e-con-inner\">\n\t\t\t\t<div class=\"elementor-element elementor-element-f762005 elementor-widget elementor-widget-image\" data-id=\"f762005\" data-element_type=\"widget\" data-widget_type=\"image.default\">\n\t\t\t\t<div class=\"elementor-widget-container\">\n\t\t\t\t\t\t\t\t\t\t<figure class=\"wp-caption\">\n\t\t\t\t\t\t\t\t\t\t<img decoding=\"async\" width=\"800\" height=\"798\" src=\"http:\/\/lilasbelanger.com\/wp-content\/uploads\/2026\/03\/2.lichengrincheux-1024x1022.jpeg\" class=\"attachment-large size-large wp-image-719\" alt=\"\" srcset=\"http:\/\/lilasbelanger.com\/wp-content\/uploads\/2026\/03\/2.lichengrincheux-1024x1022.jpeg 1024w, http:\/\/lilasbelanger.com\/wp-content\/uploads\/2026\/03\/2.lichengrincheux-300x300.jpeg 300w, http:\/\/lilasbelanger.com\/wp-content\/uploads\/2026\/03\/2.lichengrincheux-150x150.jpeg 150w, http:\/\/lilasbelanger.com\/wp-content\/uploads\/2026\/03\/2.lichengrincheux-768x766.jpeg 768w, http:\/\/lilasbelanger.com\/wp-content\/uploads\/2026\/03\/2.lichengrincheux-1536x1533.jpeg 1536w, http:\/\/lilasbelanger.com\/wp-content\/uploads\/2026\/03\/2.lichengrincheux.jpeg 1940w\" sizes=\"(max-width: 800px) 100vw, 800px\" \/>\t\t\t\t\t\t\t\t\t\t\t<figcaption class=\"widget-image-caption wp-caption-text\">Lichen grincheux, acrylique sur panneau de bois, 12x12<\/figcaption>\n\t\t\t\t\t\t\t\t\t\t<\/figure>\n\t\t\t\t\t\t\t<\/div>\n\t\t\t\t<\/div>\n\t\t\t\t<div class=\"elementor-element elementor-element-c70d7a9 elementor-widget elementor-widget-image\" data-id=\"c70d7a9\" data-element_type=\"widget\" data-widget_type=\"image.default\">\n\t\t\t\t<div class=\"elementor-widget-container\">\n\t\t\t\t\t\t\t\t\t\t<figure class=\"wp-caption\">\n\t\t\t\t\t\t\t\t\t\t<img decoding=\"async\" width=\"800\" height=\"802\" src=\"http:\/\/lilasbelanger.com\/wp-content\/uploads\/2026\/03\/la-cachette-1-1022x1024.jpeg\" class=\"attachment-large size-large wp-image-723\" alt=\"\" srcset=\"http:\/\/lilasbelanger.com\/wp-content\/uploads\/2026\/03\/la-cachette-1-1022x1024.jpeg 1022w, http:\/\/lilasbelanger.com\/wp-content\/uploads\/2026\/03\/la-cachette-1-300x300.jpeg 300w, http:\/\/lilasbelanger.com\/wp-content\/uploads\/2026\/03\/la-cachette-1-150x150.jpeg 150w, http:\/\/lilasbelanger.com\/wp-content\/uploads\/2026\/03\/la-cachette-1-768x770.jpeg 768w, http:\/\/lilasbelanger.com\/wp-content\/uploads\/2026\/03\/la-cachette-1-1533x1536.jpeg 1533w, http:\/\/lilasbelanger.com\/wp-content\/uploads\/2026\/03\/la-cachette-1.jpeg 2000w\" sizes=\"(max-width: 800px) 100vw, 800px\" \/>\t\t\t\t\t\t\t\t\t\t\t<figcaption class=\"widget-image-caption wp-caption-text\">La cachette, acrylique sur panneau de bois, 12x12<\/figcaption>\n\t\t\t\t\t\t\t\t\t\t<\/figure>\n\t\t\t\t\t\t\t<\/div>\n\t\t\t\t<\/div>\n\t\t\t\t<div class=\"elementor-element elementor-element-46c4cf1 elementor-widget elementor-widget-image\" data-id=\"46c4cf1\" data-element_type=\"widget\" data-widget_type=\"image.default\">\n\t\t\t\t<div class=\"elementor-widget-container\">\n\t\t\t\t\t\t\t\t\t\t<figure class=\"wp-caption\">\n\t\t\t\t\t\t\t\t\t\t<img loading=\"lazy\" decoding=\"async\" width=\"800\" height=\"800\" src=\"http:\/\/lilasbelanger.com\/wp-content\/uploads\/2026\/03\/1.lechanteurdemousse-copie-1024x1024.jpeg\" class=\"attachment-large size-large wp-image-718\" alt=\"\" srcset=\"http:\/\/lilasbelanger.com\/wp-content\/uploads\/2026\/03\/1.lechanteurdemousse-copie-1024x1024.jpeg 1024w, http:\/\/lilasbelanger.com\/wp-content\/uploads\/2026\/03\/1.lechanteurdemousse-copie-300x300.jpeg 300w, http:\/\/lilasbelanger.com\/wp-content\/uploads\/2026\/03\/1.lechanteurdemousse-copie-150x150.jpeg 150w, http:\/\/lilasbelanger.com\/wp-content\/uploads\/2026\/03\/1.lechanteurdemousse-copie-768x767.jpeg 768w, http:\/\/lilasbelanger.com\/wp-content\/uploads\/2026\/03\/1.lechanteurdemousse-copie-1536x1534.jpeg 1536w, http:\/\/lilasbelanger.com\/wp-content\/uploads\/2026\/03\/1.lechanteurdemousse-copie.jpeg 1940w\" sizes=\"(max-width: 800px) 100vw, 800px\" \/>\t\t\t\t\t\t\t\t\t\t\t<figcaption class=\"widget-image-caption wp-caption-text\">Le chanteur de mousse, acrylique sur panneau de bois, 12x12<\/figcaption>\n\t\t\t\t\t\t\t\t\t\t<\/figure>\n\t\t\t\t\t\t\t<\/div>\n\t\t\t\t<\/div>\n\t\t\t\t<div class=\"elementor-element elementor-element-d0916d7 elementor-widget elementor-widget-image\" data-id=\"d0916d7\" data-element_type=\"widget\" data-widget_type=\"image.default\">\n\t\t\t\t<div class=\"elementor-widget-container\">\n\t\t\t\t\t\t\t\t\t\t<figure class=\"wp-caption\">\n\t\t\t\t\t\t\t\t\t\t<img loading=\"lazy\" decoding=\"async\" width=\"800\" height=\"800\" src=\"http:\/\/lilasbelanger.com\/wp-content\/uploads\/2026\/03\/ptit-comique-1024x1024.jpeg\" class=\"attachment-large size-large wp-image-722\" alt=\"\" srcset=\"http:\/\/lilasbelanger.com\/wp-content\/uploads\/2026\/03\/ptit-comique-1024x1024.jpeg 1024w, http:\/\/lilasbelanger.com\/wp-content\/uploads\/2026\/03\/ptit-comique-300x300.jpeg 300w, http:\/\/lilasbelanger.com\/wp-content\/uploads\/2026\/03\/ptit-comique-150x150.jpeg 150w, http:\/\/lilasbelanger.com\/wp-content\/uploads\/2026\/03\/ptit-comique-768x768.jpeg 768w, http:\/\/lilasbelanger.com\/wp-content\/uploads\/2026\/03\/ptit-comique-1536x1536.jpeg 1536w, http:\/\/lilasbelanger.com\/wp-content\/uploads\/2026\/03\/ptit-comique.jpeg 2000w\" sizes=\"(max-width: 800px) 100vw, 800px\" \/>\t\t\t\t\t\t\t\t\t\t\t<figcaption class=\"widget-image-caption wp-caption-text\">P'tit comique, acrylique sur panneau de bois, 12x12<\/figcaption>\n\t\t\t\t\t\t\t\t\t\t<\/figure>\n\t\t\t\t\t\t\t<\/div>\n\t\t\t\t<\/div>\n\t\t\t\t\t<\/div>\n\t\t\t\t<\/div>\n\t\t<div class=\"elementor-element elementor-element-619469d1 e-flex e-con-boxed e-con e-parent\" data-id=\"619469d1\" data-element_type=\"container\">\n\t\t\t\t\t<div class=\"e-con-inner\">\n\t\t\t\t<div class=\"elementor-element elementor-element-43931155 elementor-widget elementor-widget-text-editor\" data-id=\"43931155\" data-element_type=\"widget\" data-widget_type=\"text-editor.default\">\n\t\t\t\t<div class=\"elementor-widget-container\">\n\t\t\t\t\t\t\t<!-- wp:paragraph -->\n<p><\/p>\n<!-- \/wp:paragraph -->\n\n<!-- wp:paragraph -->\n<p><\/p>\n<!-- \/wp:paragraph -->\n\n<!-- wp:paragraph -->\n<p><\/p>\n<!-- \/wp:paragraph -->\n\n<!-- wp:paragraph -->\n<p><\/p>\n<!-- \/wp:paragraph -->\t\t\t\t\t\t<\/div>\n\t\t\t\t<\/div>\n\t\t\t\t\t<\/div>\n\t\t\t\t<\/div>\n\t\t<div class=\"elementor-element elementor-element-9823c77 e-flex e-con-boxed e-con e-parent\" data-id=\"9823c77\" data-element_type=\"container\">\n\t\t\t\t\t<div class=\"e-con-inner\">\n\t\t\t\t<div class=\"elementor-element elementor-element-e74a836 elementor-widget elementor-widget-image\" data-id=\"e74a836\" data-element_type=\"widget\" data-widget_type=\"image.default\">\n\t\t\t\t<div class=\"elementor-widget-container\">\n\t\t\t\t\t\t\t\t\t\t<figure class=\"wp-caption\">\n\t\t\t\t\t\t\t\t\t\t<img loading=\"lazy\" decoding=\"async\" width=\"800\" height=\"598\" src=\"http:\/\/lilasbelanger.com\/wp-content\/uploads\/2025\/04\/1-Monstres-des-souches-1024x765.jpeg\" class=\"attachment-large size-large wp-image-622\" alt=\"\" srcset=\"http:\/\/lilasbelanger.com\/wp-content\/uploads\/2025\/04\/1-Monstres-des-souches-1024x765.jpeg 1024w, http:\/\/lilasbelanger.com\/wp-content\/uploads\/2025\/04\/1-Monstres-des-souches-300x224.jpeg 300w, http:\/\/lilasbelanger.com\/wp-content\/uploads\/2025\/04\/1-Monstres-des-souches-768x574.jpeg 768w, http:\/\/lilasbelanger.com\/wp-content\/uploads\/2025\/04\/1-Monstres-des-souches-1536x1148.jpeg 1536w, http:\/\/lilasbelanger.com\/wp-content\/uploads\/2025\/04\/1-Monstres-des-souches-2048x1531.jpeg 2048w\" sizes=\"(max-width: 800px) 100vw, 800px\" \/>\t\t\t\t\t\t\t\t\t\t\t<figcaption class=\"widget-image-caption wp-caption-text\">Monstre des souches, acrylique sur toile, 24x32 po<\/figcaption>\n\t\t\t\t\t\t\t\t\t\t<\/figure>\n\t\t\t\t\t\t\t<\/div>\n\t\t\t\t<\/div>\n\t\t<div class=\"elementor-element elementor-element-c9adca3 e-con-full e-flex e-con e-child\" data-id=\"c9adca3\" data-element_type=\"container\">\n\t\t\t\t<div class=\"elementor-element elementor-element-40fb88a elementor-widget elementor-widget-image\" data-id=\"40fb88a\" data-element_type=\"widget\" data-widget_type=\"image.default\">\n\t\t\t\t<div class=\"elementor-widget-container\">\n\t\t\t\t\t\t\t\t\t\t<figure class=\"wp-caption\">\n\t\t\t\t\t\t\t\t\t\t<img loading=\"lazy\" decoding=\"async\" width=\"768\" height=\"1041\" src=\"http:\/\/lilasbelanger.com\/wp-content\/uploads\/2025\/04\/10-BelangerLilasSentinelle-768x1041.jpg\" class=\"attachment-medium_large size-medium_large wp-image-620\" alt=\"\" srcset=\"http:\/\/lilasbelanger.com\/wp-content\/uploads\/2025\/04\/10-BelangerLilasSentinelle-768x1041.jpg 768w, http:\/\/lilasbelanger.com\/wp-content\/uploads\/2025\/04\/10-BelangerLilasSentinelle-221x300.jpg 221w, http:\/\/lilasbelanger.com\/wp-content\/uploads\/2025\/04\/10-BelangerLilasSentinelle-756x1024.jpg 756w, http:\/\/lilasbelanger.com\/wp-content\/uploads\/2025\/04\/10-BelangerLilasSentinelle-1134x1536.jpg 1134w, http:\/\/lilasbelanger.com\/wp-content\/uploads\/2025\/04\/10-BelangerLilasSentinelle.jpg 1465w\" sizes=\"(max-width: 768px) 100vw, 768px\" \/>\t\t\t\t\t\t\t\t\t\t\t<figcaption class=\"widget-image-caption wp-caption-text\">Sentinelle, acrylique sur toile, 34x50<\/figcaption>\n\t\t\t\t\t\t\t\t\t\t<\/figure>\n\t\t\t\t\t\t\t<\/div>\n\t\t\t\t<\/div>\n\t\t\t\t<div class=\"elementor-element elementor-element-990c671 elementor-widget elementor-widget-image\" data-id=\"990c671\" data-element_type=\"widget\" data-widget_type=\"image.default\">\n\t\t\t\t<div class=\"elementor-widget-container\">\n\t\t\t\t\t\t\t\t\t\t<figure class=\"wp-caption\">\n\t\t\t\t\t\t\t\t\t\t<img loading=\"lazy\" decoding=\"async\" width=\"768\" height=\"634\" src=\"http:\/\/lilasbelanger.com\/wp-content\/uploads\/2025\/04\/Tempete-768x634.jpg\" class=\"attachment-medium_large size-medium_large wp-image-621\" alt=\"\" srcset=\"http:\/\/lilasbelanger.com\/wp-content\/uploads\/2025\/04\/Tempete-768x634.jpg 768w, http:\/\/lilasbelanger.com\/wp-content\/uploads\/2025\/04\/Tempete-300x248.jpg 300w, http:\/\/lilasbelanger.com\/wp-content\/uploads\/2025\/04\/Tempete-1024x845.jpg 1024w, http:\/\/lilasbelanger.com\/wp-content\/uploads\/2025\/04\/Tempete-1536x1268.jpg 1536w, http:\/\/lilasbelanger.com\/wp-content\/uploads\/2025\/04\/Tempete-2048x1691.jpg 2048w\" sizes=\"(max-width: 768px) 100vw, 768px\" \/>\t\t\t\t\t\t\t\t\t\t\t<figcaption class=\"widget-image-caption wp-caption-text\">Temp\u00eate, acrylique sur toile, 22x28 <\/figcaption>\n\t\t\t\t\t\t\t\t\t\t<\/figure>\n\t\t\t\t\t\t\t<\/div>\n\t\t\t\t<\/div>\n\t\t\t\t<\/div>\n\t\t\t\t\t<\/div>\n\t\t\t\t<\/div>\n\t\t<div class=\"elementor-element elementor-element-d08ac92 e-grid e-con-boxed e-con e-parent\" data-id=\"d08ac92\" data-element_type=\"container\">\n\t\t\t\t\t<div class=\"e-con-inner\">\n\t\t\t\t\t<\/div>\n\t\t\t\t<\/div>\n\t\t\t\t<\/div>\n\t\t","protected":false},"excerpt":{"rendered":"<p>Pour pouvoir bien vivre partout, j\u2019ai besoin de trimbaler une for\u00eat dans ma t\u00eate. La for\u00eat est mon sanctuaire, mon espace s\u00e9curitaire. Elle est le lieu o\u00f9 je surmonte mes angoisses, o\u00f9 l\u2019inconnu devient enchantement, o\u00f9 la d\u00e9mesure apaise . J\u2019y dompte mes peurs enfantines; des monstres de la p\u00e9nombre, des sons incongrus, des ambiances [&hellip;]<\/p>\n","protected":false},"author":1,"featured_media":0,"parent":0,"menu_order":0,"comment_status":"closed","ping_status":"closed","template":"","meta":{"footnotes":""},"class_list":["post-619","page","type-page","status-publish","hentry"],"yoast_head":"<!-- This site is optimized with the Yoast SEO plugin v23.0 - https:\/\/yoast.com\/wordpress\/plugins\/seo\/ -->\n<title>Sous-bois: Monstres et Merveilles\/        Woodland: Creatures and Wonders - Lilasbelanger<\/title>\n<meta name=\"robots\" content=\"index, follow, max-snippet:-1, max-image-preview:large, max-video-preview:-1\" \/>\n<link rel=\"canonical\" href=\"https:\/\/lilasbelanger.com\/?page_id=619\" \/>\n<meta property=\"og:locale\" content=\"fr_CA\" \/>\n<meta property=\"og:type\" content=\"article\" \/>\n<meta property=\"og:title\" content=\"Sous-bois: Monstres et Merveilles\/        Woodland: Creatures and Wonders - Lilasbelanger\" \/>\n<meta property=\"og:description\" content=\"Pour pouvoir bien vivre partout, j\u2019ai besoin de trimbaler une for\u00eat dans ma t\u00eate. La for\u00eat est mon sanctuaire, mon espace s\u00e9curitaire. Elle est le lieu o\u00f9 je surmonte mes angoisses, o\u00f9 l\u2019inconnu devient enchantement, o\u00f9 la d\u00e9mesure apaise . J\u2019y dompte mes peurs enfantines; des monstres de la p\u00e9nombre, des sons incongrus, des ambiances [&hellip;]\" \/>\n<meta property=\"og:url\" content=\"https:\/\/lilasbelanger.com\/?page_id=619\" \/>\n<meta property=\"og:site_name\" content=\"Lilasbelanger\" \/>\n<meta property=\"article:modified_time\" content=\"2026-03-24T00:33:49+00:00\" \/>\n<meta property=\"og:image\" content=\"http:\/\/lilasbelanger.com\/wp-content\/uploads\/2026\/03\/Monstre-racine-768x756.jpeg\" \/>\n<meta name=\"twitter:card\" content=\"summary_large_image\" \/>\n<meta name=\"twitter:label1\" content=\"Estimation du temps de lecture\" \/>\n\t<meta name=\"twitter:data1\" content=\"3 minutes\" \/>\n<script type=\"application\/ld+json\" class=\"yoast-schema-graph\">{\"@context\":\"https:\/\/schema.org\",\"@graph\":[{\"@type\":\"WebPage\",\"@id\":\"https:\/\/lilasbelanger.com\/?page_id=619\",\"url\":\"https:\/\/lilasbelanger.com\/?page_id=619\",\"name\":\"Sous-bois: Monstres et Merveilles\/ Woodland: Creatures and Wonders - Lilasbelanger\",\"isPartOf\":{\"@id\":\"https:\/\/lilasbelanger.com\/#website\"},\"primaryImageOfPage\":{\"@id\":\"https:\/\/lilasbelanger.com\/?page_id=619#primaryimage\"},\"image\":{\"@id\":\"https:\/\/lilasbelanger.com\/?page_id=619#primaryimage\"},\"thumbnailUrl\":\"http:\/\/lilasbelanger.com\/wp-content\/uploads\/2026\/03\/Monstre-racine-768x756.jpeg\",\"datePublished\":\"2025-04-05T17:15:11+00:00\",\"dateModified\":\"2026-03-24T00:33:49+00:00\",\"breadcrumb\":{\"@id\":\"https:\/\/lilasbelanger.com\/?page_id=619#breadcrumb\"},\"inLanguage\":\"fr-CA\",\"potentialAction\":[{\"@type\":\"ReadAction\",\"target\":[\"https:\/\/lilasbelanger.com\/?page_id=619\"]}]},{\"@type\":\"ImageObject\",\"inLanguage\":\"fr-CA\",\"@id\":\"https:\/\/lilasbelanger.com\/?page_id=619#primaryimage\",\"url\":\"http:\/\/lilasbelanger.com\/wp-content\/uploads\/2026\/03\/Monstre-racine.jpeg\",\"contentUrl\":\"http:\/\/lilasbelanger.com\/wp-content\/uploads\/2026\/03\/Monstre-racine.jpeg\",\"width\":2000,\"height\":1968},{\"@type\":\"BreadcrumbList\",\"@id\":\"https:\/\/lilasbelanger.com\/?page_id=619#breadcrumb\",\"itemListElement\":[{\"@type\":\"ListItem\",\"position\":1,\"name\":\"Accueil\",\"item\":\"https:\/\/lilasbelanger.com\/\"},{\"@type\":\"ListItem\",\"position\":2,\"name\":\"Sous-bois: Monstres et Merveilles\/ Woodland: Creatures and Wonders\"}]},{\"@type\":\"WebSite\",\"@id\":\"https:\/\/lilasbelanger.com\/#website\",\"url\":\"https:\/\/lilasbelanger.com\/\",\"name\":\"Lilasbelanger\",\"description\":\"Arts visuels de la f\u00e9e des sous-bois\",\"potentialAction\":[{\"@type\":\"SearchAction\",\"target\":{\"@type\":\"EntryPoint\",\"urlTemplate\":\"https:\/\/lilasbelanger.com\/?s={search_term_string}\"},\"query-input\":\"required name=search_term_string\"}],\"inLanguage\":\"fr-CA\"}]}<\/script>\n<!-- \/ Yoast SEO plugin. -->","yoast_head_json":{"title":"Sous-bois: Monstres et Merveilles\/        Woodland: Creatures and Wonders - Lilasbelanger","robots":{"index":"index","follow":"follow","max-snippet":"max-snippet:-1","max-image-preview":"max-image-preview:large","max-video-preview":"max-video-preview:-1"},"canonical":"https:\/\/lilasbelanger.com\/?page_id=619","og_locale":"fr_CA","og_type":"article","og_title":"Sous-bois: Monstres et Merveilles\/        Woodland: Creatures and Wonders - Lilasbelanger","og_description":"Pour pouvoir bien vivre partout, j\u2019ai besoin de trimbaler une for\u00eat dans ma t\u00eate. La for\u00eat est mon sanctuaire, mon espace s\u00e9curitaire. Elle est le lieu o\u00f9 je surmonte mes angoisses, o\u00f9 l\u2019inconnu devient enchantement, o\u00f9 la d\u00e9mesure apaise . J\u2019y dompte mes peurs enfantines; des monstres de la p\u00e9nombre, des sons incongrus, des ambiances [&hellip;]","og_url":"https:\/\/lilasbelanger.com\/?page_id=619","og_site_name":"Lilasbelanger","article_modified_time":"2026-03-24T00:33:49+00:00","og_image":[{"url":"http:\/\/lilasbelanger.com\/wp-content\/uploads\/2026\/03\/Monstre-racine-768x756.jpeg"}],"twitter_card":"summary_large_image","twitter_misc":{"Estimation du temps de lecture":"3 minutes"},"schema":{"@context":"https:\/\/schema.org","@graph":[{"@type":"WebPage","@id":"https:\/\/lilasbelanger.com\/?page_id=619","url":"https:\/\/lilasbelanger.com\/?page_id=619","name":"Sous-bois: Monstres et Merveilles\/ Woodland: Creatures and Wonders - Lilasbelanger","isPartOf":{"@id":"https:\/\/lilasbelanger.com\/#website"},"primaryImageOfPage":{"@id":"https:\/\/lilasbelanger.com\/?page_id=619#primaryimage"},"image":{"@id":"https:\/\/lilasbelanger.com\/?page_id=619#primaryimage"},"thumbnailUrl":"http:\/\/lilasbelanger.com\/wp-content\/uploads\/2026\/03\/Monstre-racine-768x756.jpeg","datePublished":"2025-04-05T17:15:11+00:00","dateModified":"2026-03-24T00:33:49+00:00","breadcrumb":{"@id":"https:\/\/lilasbelanger.com\/?page_id=619#breadcrumb"},"inLanguage":"fr-CA","potentialAction":[{"@type":"ReadAction","target":["https:\/\/lilasbelanger.com\/?page_id=619"]}]},{"@type":"ImageObject","inLanguage":"fr-CA","@id":"https:\/\/lilasbelanger.com\/?page_id=619#primaryimage","url":"http:\/\/lilasbelanger.com\/wp-content\/uploads\/2026\/03\/Monstre-racine.jpeg","contentUrl":"http:\/\/lilasbelanger.com\/wp-content\/uploads\/2026\/03\/Monstre-racine.jpeg","width":2000,"height":1968},{"@type":"BreadcrumbList","@id":"https:\/\/lilasbelanger.com\/?page_id=619#breadcrumb","itemListElement":[{"@type":"ListItem","position":1,"name":"Accueil","item":"https:\/\/lilasbelanger.com\/"},{"@type":"ListItem","position":2,"name":"Sous-bois: Monstres et Merveilles\/ Woodland: Creatures and Wonders"}]},{"@type":"WebSite","@id":"https:\/\/lilasbelanger.com\/#website","url":"https:\/\/lilasbelanger.com\/","name":"Lilasbelanger","description":"Arts visuels de la f\u00e9e des sous-bois","potentialAction":[{"@type":"SearchAction","target":{"@type":"EntryPoint","urlTemplate":"https:\/\/lilasbelanger.com\/?s={search_term_string}"},"query-input":"required name=search_term_string"}],"inLanguage":"fr-CA"}]}},"_links":{"self":[{"href":"http:\/\/lilasbelanger.com\/index.php?rest_route=\/wp\/v2\/pages\/619","targetHints":{"allow":["GET"]}}],"collection":[{"href":"http:\/\/lilasbelanger.com\/index.php?rest_route=\/wp\/v2\/pages"}],"about":[{"href":"http:\/\/lilasbelanger.com\/index.php?rest_route=\/wp\/v2\/types\/page"}],"author":[{"embeddable":true,"href":"http:\/\/lilasbelanger.com\/index.php?rest_route=\/wp\/v2\/users\/1"}],"replies":[{"embeddable":true,"href":"http:\/\/lilasbelanger.com\/index.php?rest_route=%2Fwp%2Fv2%2Fcomments&post=619"}],"version-history":[{"count":10,"href":"http:\/\/lilasbelanger.com\/index.php?rest_route=\/wp\/v2\/pages\/619\/revisions"}],"predecessor-version":[{"id":734,"href":"http:\/\/lilasbelanger.com\/index.php?rest_route=\/wp\/v2\/pages\/619\/revisions\/734"}],"wp:attachment":[{"href":"http:\/\/lilasbelanger.com\/index.php?rest_route=%2Fwp%2Fv2%2Fmedia&parent=619"}],"curies":[{"name":"wp","href":"https:\/\/api.w.org\/{rel}","templated":true}]}}