{"id":806,"date":"2026-05-02T21:27:01","date_gmt":"2026-05-02T21:27:01","guid":{"rendered":"https:\/\/lilasbelanger.com\/?page_id=806"},"modified":"2026-05-02T21:27:02","modified_gmt":"2026-05-02T21:27:02","slug":"bio","status":"publish","type":"page","link":"http:\/\/lilasbelanger.com\/?page_id=806","title":{"rendered":"Bio"},"content":{"rendered":"<div class=\"wp-block-image\">\n<figure class=\"alignleft size-large is-resized\"><img fetchpriority=\"high\" decoding=\"async\" width=\"848\" height=\"1024\" src=\"https:\/\/lilasbelanger.com\/wp-content\/uploads\/2026\/05\/moi-848x1024.jpg\" alt=\"\" class=\"wp-image-808\" style=\"aspect-ratio:0.8281343869864596;width:265px;height:auto\" srcset=\"http:\/\/lilasbelanger.com\/wp-content\/uploads\/2026\/05\/moi-848x1024.jpg 848w, http:\/\/lilasbelanger.com\/wp-content\/uploads\/2026\/05\/moi-249x300.jpg 249w, http:\/\/lilasbelanger.com\/wp-content\/uploads\/2026\/05\/moi-768x927.jpg 768w, http:\/\/lilasbelanger.com\/wp-content\/uploads\/2026\/05\/moi-1272x1536.jpg 1272w, http:\/\/lilasbelanger.com\/wp-content\/uploads\/2026\/05\/moi-1696x2048.jpg 1696w\" sizes=\"(max-width: 848px) 100vw, 848px\" \/><\/figure>\n<\/div>\n\n\n<p>Lilas B\u00e9langer est une artiste montr\u00e9alaise dont la pratique explore les seuils entre pr\u00e9sence et absence, angoisse et transformation.<\/p>\n\n\n\n<p>\u00c0 travers la peinture, ainsi que le dessin, l\u2019installation et la sculpture, elle met l\u2019accent sur le geste comme forme de d\u00e9ambulation, inspir\u00e9e par ses exp\u00e9riences en for\u00eat. S\u2019inscrivant dans une approche de r\u00e9alisme fantastique, son travail \u00e9voque le foisonnement du vivant et les \u00e9tats de transformation li\u00e9s \u00e0 la confrontation de ses peurs. Par le jeu et la cr\u00e9ation, elle met en sc\u00e8ne des formes issues de l\u2019imaginaire (pr\u00e9sences, figures ou \u00ab monstres \u00bb ) qui deviennent des espaces d\u2019\u00e9preuve et de d\u00e9passement.<\/p>\n\n\n\n<p>Sa pratique affirme l\u2019importance de traverser ces exp\u00e9riences, r\u00e9elles ou imagin\u00e9es, comme autant d\u2019aventures sensibles qui permettent de se renforcer et de mieux habiter le monde.<\/p>\n\n\n\n<p>Enseignante et randonneuse, elle d\u00e9veloppe \u00e9galement des activit\u00e9s de m\u00e9diation. Titulaire d\u2019une ma\u00eetrise de l\u2019Universit\u00e9 Laval, elle a re\u00e7u une bourse Premi\u00e8re Ovation et a pr\u00e9sent\u00e9 son travail dans plusieurs expositions.<\/p>\n\n\n\n<p><\/p>\n\n\n\n<figure class=\"wp-block-image size-large is-resized\"><img decoding=\"async\" width=\"1024\" height=\"768\" src=\"https:\/\/lilasbelanger.com\/wp-content\/uploads\/2026\/05\/moirevenir2-1024x768.jpg\" alt=\"\" class=\"wp-image-809\" style=\"width:505px;height:auto\" srcset=\"http:\/\/lilasbelanger.com\/wp-content\/uploads\/2026\/05\/moirevenir2-1024x768.jpg 1024w, http:\/\/lilasbelanger.com\/wp-content\/uploads\/2026\/05\/moirevenir2-300x225.jpg 300w, http:\/\/lilasbelanger.com\/wp-content\/uploads\/2026\/05\/moirevenir2-768x576.jpg 768w, http:\/\/lilasbelanger.com\/wp-content\/uploads\/2026\/05\/moirevenir2-1536x1152.jpg 1536w, http:\/\/lilasbelanger.com\/wp-content\/uploads\/2026\/05\/moirevenir2-2048x1536.jpg 2048w\" sizes=\"(max-width: 1024px) 100vw, 1024px\" \/><\/figure>\n\n\n\n<p>Lilas B\u00e9langer is a Montreal-based artist whose practice explores thresholds between presence and absence, anxiety and transformation.<\/p>\n\n\n\n<p>Through painting, as well as drawing, installation, and sculpture, she emphasizes gesture as a form of wandering, inspired by her experiences in the forest. Rooted in a fantastical realism approach, her work evokes the abundance of living forms and the states of transformation that emerge through confronting fear. Through play and creation, she stages forms drawn from the imagination (presences, figures, or \u201cmonsters\u201d) that become spaces of trial and transcendence.<\/p>\n\n\n\n<p>Her practice affirms the importance of moving through these experiences\u2014real or imagined\u2014as sensitive adventures that foster resilience and a deeper inhabiting of the world.<\/p>\n\n\n\n<p>A teacher and hiker, she also develops mediation activities. She holds a master\u2019s degree from Universit\u00e9 Laval, has received a Premi\u00e8re Ovation grant, and has presented her work in several exhibitions.<\/p>\n","protected":false},"excerpt":{"rendered":"<p>Lilas B\u00e9langer est une artiste montr\u00e9alaise dont la pratique explore les seuils entre pr\u00e9sence et absence, angoisse et transformation. \u00c0 travers la peinture, ainsi que le dessin, l\u2019installation et la sculpture, elle met l\u2019accent sur le geste comme forme de d\u00e9ambulation, inspir\u00e9e par ses exp\u00e9riences en for\u00eat. S\u2019inscrivant dans une approche de r\u00e9alisme fantastique, son [&hellip;]<\/p>\n","protected":false},"author":1,"featured_media":0,"parent":0,"menu_order":0,"comment_status":"closed","ping_status":"closed","template":"","meta":{"footnotes":""},"class_list":["post-806","page","type-page","status-publish","hentry"],"yoast_head":"<!-- This site is optimized with the Yoast SEO plugin v23.0 - https:\/\/yoast.com\/wordpress\/plugins\/seo\/ -->\n<title>Bio - Lilasbelanger<\/title>\n<meta name=\"robots\" content=\"index, follow, max-snippet:-1, max-image-preview:large, max-video-preview:-1\" \/>\n<link rel=\"canonical\" href=\"https:\/\/lilasbelanger.com\/?page_id=806\" \/>\n<meta property=\"og:locale\" content=\"fr_CA\" \/>\n<meta property=\"og:type\" content=\"article\" \/>\n<meta property=\"og:title\" content=\"Bio - Lilasbelanger\" \/>\n<meta property=\"og:description\" content=\"Lilas B\u00e9langer est une artiste montr\u00e9alaise dont la pratique explore les seuils entre pr\u00e9sence et absence, angoisse et transformation. \u00c0 travers la peinture, ainsi que le dessin, l\u2019installation et la sculpture, elle met l\u2019accent sur le geste comme forme de d\u00e9ambulation, inspir\u00e9e par ses exp\u00e9riences en for\u00eat. S\u2019inscrivant dans une approche de r\u00e9alisme fantastique, son [&hellip;]\" \/>\n<meta property=\"og:url\" content=\"https:\/\/lilasbelanger.com\/?page_id=806\" \/>\n<meta property=\"og:site_name\" content=\"Lilasbelanger\" \/>\n<meta property=\"article:modified_time\" content=\"2026-05-02T21:27:02+00:00\" \/>\n<meta property=\"og:image\" content=\"https:\/\/lilasbelanger.com\/wp-content\/uploads\/2026\/05\/moi-848x1024.jpg\" \/>\n<meta name=\"twitter:card\" content=\"summary_large_image\" \/>\n<meta name=\"twitter:label1\" content=\"Estimation du temps de lecture\" \/>\n\t<meta name=\"twitter:data1\" content=\"2 minutes\" \/>\n<script type=\"application\/ld+json\" class=\"yoast-schema-graph\">{\"@context\":\"https:\/\/schema.org\",\"@graph\":[{\"@type\":\"WebPage\",\"@id\":\"https:\/\/lilasbelanger.com\/?page_id=806\",\"url\":\"https:\/\/lilasbelanger.com\/?page_id=806\",\"name\":\"Bio - Lilasbelanger\",\"isPartOf\":{\"@id\":\"https:\/\/lilasbelanger.com\/#website\"},\"primaryImageOfPage\":{\"@id\":\"https:\/\/lilasbelanger.com\/?page_id=806#primaryimage\"},\"image\":{\"@id\":\"https:\/\/lilasbelanger.com\/?page_id=806#primaryimage\"},\"thumbnailUrl\":\"https:\/\/lilasbelanger.com\/wp-content\/uploads\/2026\/05\/moi-848x1024.jpg\",\"datePublished\":\"2026-05-02T21:27:01+00:00\",\"dateModified\":\"2026-05-02T21:27:02+00:00\",\"breadcrumb\":{\"@id\":\"https:\/\/lilasbelanger.com\/?page_id=806#breadcrumb\"},\"inLanguage\":\"fr-CA\",\"potentialAction\":[{\"@type\":\"ReadAction\",\"target\":[\"https:\/\/lilasbelanger.com\/?page_id=806\"]}]},{\"@type\":\"ImageObject\",\"inLanguage\":\"fr-CA\",\"@id\":\"https:\/\/lilasbelanger.com\/?page_id=806#primaryimage\",\"url\":\"http:\/\/lilasbelanger.com\/wp-content\/uploads\/2026\/05\/moi-scaled.jpg\",\"contentUrl\":\"http:\/\/lilasbelanger.com\/wp-content\/uploads\/2026\/05\/moi-scaled.jpg\",\"width\":2121,\"height\":2560},{\"@type\":\"BreadcrumbList\",\"@id\":\"https:\/\/lilasbelanger.com\/?page_id=806#breadcrumb\",\"itemListElement\":[{\"@type\":\"ListItem\",\"position\":1,\"name\":\"Accueil\",\"item\":\"https:\/\/lilasbelanger.com\/\"},{\"@type\":\"ListItem\",\"position\":2,\"name\":\"Bio\"}]},{\"@type\":\"WebSite\",\"@id\":\"https:\/\/lilasbelanger.com\/#website\",\"url\":\"https:\/\/lilasbelanger.com\/\",\"name\":\"Lilasbelanger\",\"description\":\"Arts visuels de la f\u00e9e des sous-bois\",\"potentialAction\":[{\"@type\":\"SearchAction\",\"target\":{\"@type\":\"EntryPoint\",\"urlTemplate\":\"https:\/\/lilasbelanger.com\/?s={search_term_string}\"},\"query-input\":\"required name=search_term_string\"}],\"inLanguage\":\"fr-CA\"}]}<\/script>\n<!-- \/ Yoast SEO plugin. -->","yoast_head_json":{"title":"Bio - Lilasbelanger","robots":{"index":"index","follow":"follow","max-snippet":"max-snippet:-1","max-image-preview":"max-image-preview:large","max-video-preview":"max-video-preview:-1"},"canonical":"https:\/\/lilasbelanger.com\/?page_id=806","og_locale":"fr_CA","og_type":"article","og_title":"Bio - Lilasbelanger","og_description":"Lilas B\u00e9langer est une artiste montr\u00e9alaise dont la pratique explore les seuils entre pr\u00e9sence et absence, angoisse et transformation. \u00c0 travers la peinture, ainsi que le dessin, l\u2019installation et la sculpture, elle met l\u2019accent sur le geste comme forme de d\u00e9ambulation, inspir\u00e9e par ses exp\u00e9riences en for\u00eat. S\u2019inscrivant dans une approche de r\u00e9alisme fantastique, son [&hellip;]","og_url":"https:\/\/lilasbelanger.com\/?page_id=806","og_site_name":"Lilasbelanger","article_modified_time":"2026-05-02T21:27:02+00:00","og_image":[{"url":"https:\/\/lilasbelanger.com\/wp-content\/uploads\/2026\/05\/moi-848x1024.jpg"}],"twitter_card":"summary_large_image","twitter_misc":{"Estimation du temps de lecture":"2 minutes"},"schema":{"@context":"https:\/\/schema.org","@graph":[{"@type":"WebPage","@id":"https:\/\/lilasbelanger.com\/?page_id=806","url":"https:\/\/lilasbelanger.com\/?page_id=806","name":"Bio - Lilasbelanger","isPartOf":{"@id":"https:\/\/lilasbelanger.com\/#website"},"primaryImageOfPage":{"@id":"https:\/\/lilasbelanger.com\/?page_id=806#primaryimage"},"image":{"@id":"https:\/\/lilasbelanger.com\/?page_id=806#primaryimage"},"thumbnailUrl":"https:\/\/lilasbelanger.com\/wp-content\/uploads\/2026\/05\/moi-848x1024.jpg","datePublished":"2026-05-02T21:27:01+00:00","dateModified":"2026-05-02T21:27:02+00:00","breadcrumb":{"@id":"https:\/\/lilasbelanger.com\/?page_id=806#breadcrumb"},"inLanguage":"fr-CA","potentialAction":[{"@type":"ReadAction","target":["https:\/\/lilasbelanger.com\/?page_id=806"]}]},{"@type":"ImageObject","inLanguage":"fr-CA","@id":"https:\/\/lilasbelanger.com\/?page_id=806#primaryimage","url":"http:\/\/lilasbelanger.com\/wp-content\/uploads\/2026\/05\/moi-scaled.jpg","contentUrl":"http:\/\/lilasbelanger.com\/wp-content\/uploads\/2026\/05\/moi-scaled.jpg","width":2121,"height":2560},{"@type":"BreadcrumbList","@id":"https:\/\/lilasbelanger.com\/?page_id=806#breadcrumb","itemListElement":[{"@type":"ListItem","position":1,"name":"Accueil","item":"https:\/\/lilasbelanger.com\/"},{"@type":"ListItem","position":2,"name":"Bio"}]},{"@type":"WebSite","@id":"https:\/\/lilasbelanger.com\/#website","url":"https:\/\/lilasbelanger.com\/","name":"Lilasbelanger","description":"Arts visuels de la f\u00e9e des sous-bois","potentialAction":[{"@type":"SearchAction","target":{"@type":"EntryPoint","urlTemplate":"https:\/\/lilasbelanger.com\/?s={search_term_string}"},"query-input":"required name=search_term_string"}],"inLanguage":"fr-CA"}]}},"_links":{"self":[{"href":"http:\/\/lilasbelanger.com\/index.php?rest_route=\/wp\/v2\/pages\/806","targetHints":{"allow":["GET"]}}],"collection":[{"href":"http:\/\/lilasbelanger.com\/index.php?rest_route=\/wp\/v2\/pages"}],"about":[{"href":"http:\/\/lilasbelanger.com\/index.php?rest_route=\/wp\/v2\/types\/page"}],"author":[{"embeddable":true,"href":"http:\/\/lilasbelanger.com\/index.php?rest_route=\/wp\/v2\/users\/1"}],"replies":[{"embeddable":true,"href":"http:\/\/lilasbelanger.com\/index.php?rest_route=%2Fwp%2Fv2%2Fcomments&post=806"}],"version-history":[{"count":1,"href":"http:\/\/lilasbelanger.com\/index.php?rest_route=\/wp\/v2\/pages\/806\/revisions"}],"predecessor-version":[{"id":811,"href":"http:\/\/lilasbelanger.com\/index.php?rest_route=\/wp\/v2\/pages\/806\/revisions\/811"}],"wp:attachment":[{"href":"http:\/\/lilasbelanger.com\/index.php?rest_route=%2Fwp%2Fv2%2Fmedia&parent=806"}],"curies":[{"name":"wp","href":"https:\/\/api.w.org\/{rel}","templated":true}]}}